{"id":2347,"date":"2020-01-29T13:23:59","date_gmt":"2020-01-29T12:23:59","guid":{"rendered":"https:\/\/hotel-channel-manager.com\/cndp-rgpd\/"},"modified":"2025-08-15T14:34:28","modified_gmt":"2025-08-15T13:34:28","slug":"cndp-rgpd","status":"publish","type":"page","link":"https:\/\/gohotel.ma\/en\/cndp-rgpd\/","title":{"rendered":"CNDP RGPD"},"content":{"rendered":"<p><strong><br \/>\n&#8211; Conditions CNDP RGPD:<\/strong><br \/>\nLa loi 09-08 relative \u00e0 la protection des personnes physiques \u00e0 l\u2019\u00e9gard du traitement des donn\u00e9es \u00e0 caract\u00e8re personnel d\u00e9finit les obligations auxquelles sont soumis les responsables de traitements. Ces derniers doivent s\u2019assurer que les donn\u00e9es personnelles sont collect\u00e9es et trait\u00e9es d\u2019une fa\u00e7on loyale, l\u00e9gitime et transparente. Ils doivent, en outre.<br \/>\n<strong>&#8211; Respecter la finalit\u00e9 du traitement:<\/strong><br \/>\nTout traitement de donn\u00e9es personnelles doit avoir une finalit\u00e9 pr\u00e9cise et l\u00e9gitime qui est communiqu\u00e9e aux personnes concern\u00e9es lors de la collecte de leurs donn\u00e9es personnelles et \u00e0 la CNDP lors de la notification du traitement. Le changement de finalit\u00e9 est soumis \u00e0 autorisation pr\u00e9alable de la CNDP.<br \/>\n<strong>-Respecter le principe de proportionnalit\u00e9:<\/strong><br \/>\nLes donn\u00e9es collect\u00e9es et trait\u00e9es doivent \u00eatre n\u00e9cessaires, proportionnelles et non excessives au regard de la finalit\u00e9 du traitement envisag\u00e9.<br \/>\n<strong>-S\u2019assurer de la qualit\u00e9 des donn\u00e9es:<\/strong><br \/>\nLe responsable du traitement doit veiller \u00e0 ce que les donn\u00e9es personnelles trait\u00e9es soient exactes, fiables, compl\u00e8tes et mises \u00e0 jour.<br \/>\n<strong>-Veiller au respect de la dur\u00e9e de conservation des donn\u00e9es:<\/strong><br \/>\nLes donn\u00e9es personnelles permettant l\u2019identification des personnes concern\u00e9es doivent \u00eatre conserv\u00e9es pour une dur\u00e9e limit\u00e9e, n\u2019exc\u00e9dant pas la dur\u00e9e n\u00e9cessaire \u00e0 l\u2019accomplissement de la finalit\u00e9 du traitement pour laquelle elles ont \u00e9t\u00e9 collect\u00e9es. A l\u2019expiration de cette dur\u00e9e, les donn\u00e9es doivent \u00eatre d\u00e9truites.<br \/>\nSi le responsable du traitement envisage de conserver des donn\u00e9es personnelles pour des fins statistiques ou historiques, il doit demander, \u00e0 cet effet, une autorisation expresse de la CNDP.<br \/>\n<strong>-Veiller \u00e0 l\u2019exercice des droits par la personne concern\u00e9e:<\/strong><br \/>\nLa loi 09-08 a pr\u00e9vu un certain nombre de droits au b\u00e9n\u00e9fice des personnes concern\u00e9es. Le responsable du traitement est tenu de veiller au respect de ces droits notamment en prenant toutes les mesures permettant aux personnes concern\u00e9es de les faire valoir et de les exercer le cas \u00e9ch\u00e9ant.<\/p>\n<h2>Importance de la conformit\u00e9 au CNDP RGPD<\/h2>\n<p><strong>-Assurer la s\u00e9curit\u00e9 et la confidentialit\u00e9 des traitements:<\/strong><br \/>\nIl incombe au responsable du traitement de prendre toutes les pr\u00e9cautions utiles pour garantir l\u2019int\u00e9grit\u00e9 et la confidentialit\u00e9 des donn\u00e9es personnelles en sa possession en vue de les prot\u00e9ger contre la destruction ou la perte accidentelle et contre toute forme de traitement illicite. A cet effet, Il doit mettre en \u0153uvre des mesures de s\u00e9curit\u00e9 physiques et logiques appropri\u00e9es et prendre toutes les pr\u00e9cautions utiles pour emp\u00eacher que les donn\u00e9es ne soient d\u00e9form\u00e9es, endommag\u00e9es, ou communiqu\u00e9es \u00e0 des tiers non autoris\u00e9s. Le responsable du traitement doit s\u2019assurer, par le biais de contrats et d&#8217;audits, que ses sous-traitants et les tiers auxquels il communique les donn\u00e9es personnelles respectent toutes les dispositions de la loi 09-08.<br \/>\n<strong>-Notifier les traitements \u00e0 la CNDP:<\/strong><br \/>\nAvant de mettre en \u0153uvre un traitement, le responsable du traitement doit le notifier \u00e0 la CNDP en accomplissant la proc\u00e9dure appropri\u00e9e, \u00e0 savoir :<br \/>\n1- Une demande d\u2019autorisation:<br \/>\na) Si, le traitement utilise des donn\u00e9es sensibles telles l\u2019origine raciale ou ethnique, les opinions politiques, les convictions religieuses ou philosophiques, l\u2019appartenance syndicale, les donn\u00e9es g\u00e9n\u00e9tiques ou relatives \u00e0 la sant\u00e9\u2026<br \/>\nb) S\u2019il y a un changement de finalit\u00e9, c.\u00e0.d.\u00a0 les donn\u00e9es personnelles sont utilis\u00e9es pour des fins autres que celles pour lesquelles elles ont \u00e9t\u00e9 collect\u00e9es.<br \/>\nc) Si le traitement de donn\u00e9es porte sur les infractions, les condamnations ou les mesures de s\u00fbret\u00e9.<br \/>\nd) Si le traitement de donn\u00e9es utilise le num\u00e9ro de la CIN.<br \/>\ne) Si le traitement n\u00e9cessite l\u2019interconnexion de fichiers, dont les finalit\u00e9s sont diff\u00e9rentes.<br \/>\n2-.Une d\u00e9claration pr\u00e9alable dans les autres cas.<br \/>\n3- Une demande\u00a0 de transfert de donn\u00e9es \u00e0 l\u2019\u00e9tranger si des donn\u00e9es personnelles seront h\u00e9berg\u00e9es ou transmises \u00e0 l\u2019\u00e9tranger.<\/p>\n<p><span style=\"font-size: medium;\"><strong>Digital Millennium Copyright Act Policy<\/strong><\/span><\/p>\n<p>GOCAR respects the intellectual property of others, and we ask our users to do the same. It is our policy to respond to clear notices of alleged copyright infringement. This page describes the information that should be present in these notices. The form of notice specified below is consistent with the form suggested by the United States Digital Millennium Copyright Act, If you believe that content available by means of the Website infringes one or more of your copyrights, please notify us by means of an emailed notice (\u201cInfringement Notice\u201d) providing the information described below to the email address listed below.<br \/>\nAll Infringement Notices should be reported using Submit Infringement Notice Form and include the following or they will be deemed invalid:<br \/>\nAn electronic signature of the copyright owner or a person authorized to act on their behalf;<br \/>\nAn identification of the copyright claimed to have been infringed;<br \/>\nA description of the nature and exact location of the content that you claim to infringe your copyright, in sufficient detail to permit GOCAR to find and positively identify that content; for example we require a link to the specific blog post (not just the name of the blog) that contains the content and a description of which specific portion of the blog post &#8211; an image, a link, the text, etc &#8211; your complaint refers to;<br \/>\nYour name, address, telephone number and email address; and<br \/>\nA statement by you:<br \/>\n(a) that you believe in good faith that the use of the content that you claim to infringe your copyright is not authorized by law, or by the copyright owner or such owner\u2019s agent.<br \/>\n(b) under penalty of perjury, that all of the information contained in your Infringement Notice is accurate, and that you are either the copyright owner or a person authorized to act on their behalf.<\/p>\n","protected":false},"excerpt":{"rendered":"<p>&#8211; Conditions CNDP RGPD: La loi 09-08 relative \u00e0 la protection des personnes physiques \u00e0 l\u2019\u00e9gard du traitement des donn\u00e9es \u00e0 caract\u00e8re personnel d\u00e9finit les obligations auxquelles sont soumis les responsables de traitements. Ces derniers doivent s\u2019assurer que les donn\u00e9es personnelles sont collect\u00e9es et trait\u00e9es d\u2019une fa\u00e7on loyale, l\u00e9gitime et transparente. Ils doivent, en outre. &hellip; <br \/><a href=\"https:\/\/gohotel.ma\/en\/cndp-rgpd\/\" class=\"more-link\">Continue reading <span class=\"screen-reader-text\">CNDP RGPD<\/span><\/a><\/p>\n","protected":false},"author":1,"featured_media":0,"parent":0,"menu_order":0,"comment_status":"closed","ping_status":"closed","template":"","meta":{"_monsterinsights_skip_tracking":false,"_monsterinsights_sitenote_active":false,"_monsterinsights_sitenote_note":"","_monsterinsights_sitenote_category":0,"_uf_show_specific_survey":0,"_uf_disable_surveys":false,"footnotes":""},"class_list":["post-2347","page","type-page","status-publish","hentry"],"_links":{"self":[{"href":"https:\/\/gohotel.ma\/en\/wp-json\/wp\/v2\/pages\/2347","targetHints":{"allow":["GET"]}}],"collection":[{"href":"https:\/\/gohotel.ma\/en\/wp-json\/wp\/v2\/pages"}],"about":[{"href":"https:\/\/gohotel.ma\/en\/wp-json\/wp\/v2\/types\/page"}],"author":[{"embeddable":true,"href":"https:\/\/gohotel.ma\/en\/wp-json\/wp\/v2\/users\/1"}],"replies":[{"embeddable":true,"href":"https:\/\/gohotel.ma\/en\/wp-json\/wp\/v2\/comments?post=2347"}],"version-history":[{"count":1,"href":"https:\/\/gohotel.ma\/en\/wp-json\/wp\/v2\/pages\/2347\/revisions"}],"predecessor-version":[{"id":3869,"href":"https:\/\/gohotel.ma\/en\/wp-json\/wp\/v2\/pages\/2347\/revisions\/3869"}],"wp:attachment":[{"href":"https:\/\/gohotel.ma\/en\/wp-json\/wp\/v2\/media?parent=2347"}],"curies":[{"name":"wp","href":"https:\/\/api.w.org\/{rel}","templated":true}]}}