{"id":1698,"date":"2019-11-25T12:21:33","date_gmt":"2019-11-25T11:21:33","guid":{"rendered":"http:\/\/hotel-channel-manager.com\/?page_id=1698"},"modified":"2025-08-18T13:51:47","modified_gmt":"2025-08-18T12:51:47","slug":"ssl-installation","status":"publish","type":"page","link":"https:\/\/gohotel.ma\/en\/documentation\/ssl-installation\/","title":{"rendered":"SSL Installation"},"content":{"rendered":"<p>[vc_row full_width=&#8221;stretch_row&#8221; css=&#8221;.vc_custom_1574499301108{margin-top: 0px !important;background-color: #f2f2f2 !important;}&#8221;][vc_column width=&#8221;1\/4&#8243;][vc_empty_space height=&#8221;40&#8243;][apus_verticalmenu title=&#8221;Documentation&#8221; menu=&#8221;documentation-en&#8221; style=&#8221;darken&#8221;][\/vc_column][vc_column css_animation=&#8221;fadeInLeft&#8221; width=&#8221;3\/4&#8243; css=&#8221;.vc_custom_1574351643298{margin-top: 0px !important;}&#8221;][vc_column_text]<\/p>\n<div id=\"ssl\" class=\"section\">\n<div class=\"page-header\">\n<div class=\"container-fluid\">\n<div class=\"row\">\n<div class=\"col-md-12\">\n<h2><i class=\"fa fa-shield\"><\/i> SSL Installation<\/h2>\n<\/div>\n<\/div>\n<\/div>\n<\/div>\n<div class=\"container-fluid section-content\">\n<div class=\"row\">\n<div class=\"col-sm-12\">\n<p>After when you have got SSL installed\u00a0by your hosting company, Just follow the steps below to ensure that SSL is working fine with our script:<br \/>\n<strong>01.<\/strong> Login to your hosting cpanel<br \/>\n<strong>02.<\/strong>\u00a0Go to public_html or root of your website<br \/>\n<strong>03.<\/strong>\u00a0Edit the file .htaccess and replace\u00a0the existing\u00a0code with code\u00a0below:<\/p>\n<p><code>RewriteEngine on<br \/>\nExpiresActive On<br \/>\nExpiresDefault A2592000<br \/>\nRewriteCond %{SERVER_PORT} 80<br \/>\nRewriteRule ^.*$ https:\/\/%{HTTP_HOST}%{REQUEST_URI} [L,R=301]<br \/>\nRewriteCond $1 !^(index\\.php|images|public|assets|uploads|themes|install|updates|asset|mob|robots\\.txt)<br \/>\nRewriteRule ^(.*)$ index.php?\/$1 [QSA,L]<br \/>\n<\/code><\/p>\n<hr \/>\n<p><code><strong>Note:<\/strong>\u00a0This\u00a0configuration only work with linux based servers,\u00a0For windows or other operating\u00a0systems you need to contact your hosting provider.<\/code><\/p>\n<\/div>\n<\/div>\n<\/div>\n<\/div>\n<p>[\/vc_column_text][vc_row_inner][vc_column_inner width=&#8221;1\/2&#8243;][\/vc_column_inner][vc_column_inner width=&#8221;1\/2&#8243;][\/vc_column_inner][\/vc_row_inner][\/vc_column][\/vc_row][vc_row full_width=&#8221;stretch_row&#8221; css_animation=&#8221;fadeIn&#8221; css=&#8221;.vc_custom_1728555614709{background-image: url(http:\/\/hotel-channel-manager.com\/wp-content\/uploads\/2019\/11\/bgn-white-top-with-shapes-2.png?id=1491) !important;background-position: center !important;background-repeat: no-repeat !important;background-size: cover !important;}&#8221; el_id=&#8221;demobloc&#8221;][vc_column][vc_empty_space height=&#8221;80&#8243;][\/vc_column][vc_column css_animation=&#8221;fadeInRight&#8221; width=&#8221;1\/2&#8243;][vc_raw_html]JTNDaWZyYW1lJTIwd2lkdGglM0QlMjI1NjAlMjIlMjBoZWlnaHQlM0QlMjIzMTUlMjIlMjBzcmMlM0QlMjJodHRwcyUzQSUyRiUyRnd3dy55b3V0dWJlLmNvbSUyRmVtYmVkJTJGZnJxMFFtQ0lyM1UlM0ZzaSUzRGxxdWJyOHNNcl9odERyRy0lMjIlMjB0aXRsZSUzRCUyMllvdVR1YmUlMjB2aWRlbyUyMHBsYXllciUyMiUyMGZyYW1lYm9yZGVyJTNEJTIyMCUyMiUyMGFsbG93JTNEJTIyYWNjZWxlcm9tZXRlciUzQiUyMGF1dG9wbGF5JTNCJTIwY2xpcGJvYXJkLXdyaXRlJTNCJTIwZW5jcnlwdGVkLW1lZGlhJTNCJTIwZ3lyb3Njb3BlJTNCJTIwcGljdHVyZS1pbi1waWN0dXJlJTNCJTIwd2ViLXNoYXJlJTIyJTIwcmVmZXJyZXJwb2xpY3klM0QlMjJzdHJpY3Qtb3JpZ2luLXdoZW4tY3Jvc3Mtb3JpZ2luJTIyJTIwYWxsb3dmdWxsc2NyZWVuJTNFJTNDJTJGaWZyYW1lJTNF[\/vc_raw_html][\/vc_column][vc_column width=&#8221;1\/2&#8243;][vc_raw_html]JTNDaWZyYW1lJTIwd2lkdGglM0QlMjI1NjAlMjIlMjBoZWlnaHQlM0QlMjIzMTUlMjIlMjBzcmMlM0QlMjJodHRwcyUzQSUyRiUyRnd3dy55b3V0dWJlLmNvbSUyRmVtYmVkJTJGYm9TMDZYSEtod0UlM0ZzaSUzREFoYjhXSy1KVnp0QkppR2olMjIlMjB0aXRsZSUzRCUyMllvdVR1YmUlMjB2aWRlbyUyMHBsYXllciUyMiUyMGZyYW1lYm9yZGVyJTNEJTIyMCUyMiUyMGFsbG93JTNEJTIyYWNjZWxlcm9tZXRlciUzQiUyMGF1dG9wbGF5JTNCJTIwY2xpcGJvYXJkLXdyaXRlJTNCJTIwZW5jcnlwdGVkLW1lZGlhJTNCJTIwZ3lyb3Njb3BlJTNCJTIwcGljdHVyZS1pbi1waWN0dXJlJTNCJTIwd2ViLXNoYXJlJTIyJTIwcmVmZXJyZXJwb2xpY3klM0QlMjJzdHJpY3Qtb3JpZ2luLXdoZW4tY3Jvc3Mtb3JpZ2luJTIyJTIwYWxsb3dmdWxsc2NyZWVuJTNFJTNDJTJGaWZyYW1lJTNF[\/vc_raw_html][\/vc_column][vc_column][vc_row_inner][vc_column_inner][vc_btn title=&#8221;Documentation en PDF&#8221; style=&#8221;flat&#8221; shape=&#8221;square&#8221; color=&#8221;sky&#8221; align=&#8221;center&#8221; i_icon_fontawesome=&#8221;fa fa-cloud-download&#8221; button_block=&#8221;true&#8221; add_icon=&#8221;true&#8221; link=&#8221;url:https%3A%2F%2Fgohotel.ma%2Fwp-content%2Fuploads%2F2024%2F10%2Fmanuel-ghotel.pdf|||&#8221;][\/vc_column_inner][\/vc_row_inner][vc_empty_space height=&#8221;40&#8243;][\/vc_column][\/vc_row][vc_row][vc_column][vc_empty_space height=&#8221;40&#8243;][\/vc_column][vc_column css_animation=&#8221;fadeInLeft&#8221; width=&#8221;1\/2&#8243; css=&#8221;.vc_custom_1574426999233{margin-top: 0px !important;margin-right: 0px !important;margin-bottom: 0px !important;margin-left: 0px !important;border-top-width: 0px !important;border-right-width: 0px !important;border-bottom-width: 0px !important;border-left-width: 0px !important;padding-top: 0px !important;padding-right: 0px !important;padding-bottom: 0px !important;padding-left: 0px !important;}&#8221; el_id=&#8221;otherservices&#8221; el_class=&#8221;solutions&#8221;][vc_single_image image=&#8221;1443&#8243; img_size=&#8221;large&#8221; onclick=&#8221;custom_link&#8221; el_class=&#8221;img-responsive&#8221; link=&#8221;#&#8221;][\/vc_column][vc_column css_animation=&#8221;fadeInRight&#8221; width=&#8221;1\/2&#8243; css=&#8221;.vc_custom_1574427025416{margin-top: 0px !important;margin-right: 0px !important;margin-bottom: 0px !important;margin-left: 0px !important;border-top-width: 0px !important;border-right-width: 0px !important;border-bottom-width: 0px !important;border-left-width: 0px !important;padding-top: 0px !important;padding-right: 0px !important;padding-bottom: 0px !important;padding-left: 0px !important;}&#8221; el_class=&#8221;solutions&#8221;][vc_single_image image=&#8221;1442&#8243; img_size=&#8221;large&#8221; onclick=&#8221;custom_link&#8221; el_class=&#8221;img-responsive&#8221; link=&#8221;#&#8221;][\/vc_column][vc_column][vc_empty_space height=&#8221;40&#8243;][\/vc_column][\/vc_row][vc_row full_width=&#8221;stretch_row&#8221; css_animation=&#8221;fadeInUp&#8221; css=&#8221;.vc_custom_1728555719997{margin-top: 20px !important;background-color: #518ac9 !important;}&#8221;][vc_column][vc_empty_space height=&#8221;30px&#8221; el_class=&#8221;hidden-sm hidden-xs&#8221;][apus_newsletter description=&#8221;Les derni\u00e8res nouvelles envoy\u00e9es dans votre bo\u00eete de r\u00e9ception!&#8221; el_class=&#8221;newbloc&#8221;][vc_empty_space height=&#8221;30px&#8221;][vc_empty_space height=&#8221;30px&#8221; el_class=&#8221;hidden-sm hidden-xs&#8221;][\/vc_column][\/vc_row]<\/p>\n","protected":false},"excerpt":{"rendered":"<p>[vc_row full_width=&#8221;stretch_row&#8221; css=&#8221;.vc_custom_1574499301108{margin-top: 0px !important;background-color: #f2f2f2 !important;}&#8221;][vc_column width=&#8221;1\/4&#8243;][vc_empty_space height=&#8221;40&#8243;][apus_verticalmenu title=&#8221;Documentation&#8221; menu=&#8221;documentation-en&#8221; style=&#8221;darken&#8221;][\/vc_column][vc_column css_animation=&#8221;fadeInLeft&#8221; width=&#8221;3\/4&#8243; css=&#8221;.vc_custom_1574351643298{margin-top: 0px !important;}&#8221;][vc_column_text] SSL Installation After when you have got SSL installed\u00a0by your hosting company, Just follow the steps below to ensure that SSL is working fine with our script: 01. Login to your hosting cpanel 02.\u00a0Go to public_html or root &hellip; <br \/><a href=\"https:\/\/gohotel.ma\/en\/documentation\/ssl-installation\/\" class=\"more-link\">Continue reading <span class=\"screen-reader-text\">SSL Installation<\/span><\/a><\/p>\n","protected":false},"author":1,"featured_media":0,"parent":1664,"menu_order":0,"comment_status":"closed","ping_status":"closed","template":"","meta":{"_monsterinsights_skip_tracking":false,"_monsterinsights_sitenote_active":false,"_monsterinsights_sitenote_note":"","_monsterinsights_sitenote_category":0,"_uf_show_specific_survey":0,"_uf_disable_surveys":false,"footnotes":""},"class_list":["post-1698","page","type-page","status-publish","hentry"],"_links":{"self":[{"href":"https:\/\/gohotel.ma\/en\/wp-json\/wp\/v2\/pages\/1698","targetHints":{"allow":["GET"]}}],"collection":[{"href":"https:\/\/gohotel.ma\/en\/wp-json\/wp\/v2\/pages"}],"about":[{"href":"https:\/\/gohotel.ma\/en\/wp-json\/wp\/v2\/types\/page"}],"author":[{"embeddable":true,"href":"https:\/\/gohotel.ma\/en\/wp-json\/wp\/v2\/users\/1"}],"replies":[{"embeddable":true,"href":"https:\/\/gohotel.ma\/en\/wp-json\/wp\/v2\/comments?post=1698"}],"version-history":[{"count":1,"href":"https:\/\/gohotel.ma\/en\/wp-json\/wp\/v2\/pages\/1698\/revisions"}],"predecessor-version":[{"id":3899,"href":"https:\/\/gohotel.ma\/en\/wp-json\/wp\/v2\/pages\/1698\/revisions\/3899"}],"up":[{"embeddable":true,"href":"https:\/\/gohotel.ma\/en\/wp-json\/wp\/v2\/pages\/1664"}],"wp:attachment":[{"href":"https:\/\/gohotel.ma\/en\/wp-json\/wp\/v2\/media?parent=1698"}],"curies":[{"name":"wp","href":"https:\/\/api.w.org\/{rel}","templated":true}]}}