{"id":1694,"date":"2019-11-25T12:18:55","date_gmt":"2019-11-25T11:18:55","guid":{"rendered":"http:\/\/hotel-channel-manager.com\/?page_id=1694"},"modified":"2025-08-18T13:52:59","modified_gmt":"2025-08-18T12:52:59","slug":"other-modules","status":"publish","type":"page","link":"https:\/\/gohotel.ma\/en\/documentation\/other-modules\/","title":{"rendered":"Other Modules"},"content":{"rendered":"<p>[vc_row full_width=&#8221;stretch_row&#8221; css=&#8221;.vc_custom_1574499301108{margin-top: 0px !important;background-color: #f2f2f2 !important;}&#8221;][vc_column width=&#8221;1\/4&#8243;][vc_empty_space height=&#8221;40&#8243;][apus_verticalmenu title=&#8221;Documentation&#8221; menu=&#8221;documentation-en&#8221; style=&#8221;darken&#8221;][\/vc_column][vc_column css_animation=&#8221;fadeInLeft&#8221; width=&#8221;3\/4&#8243; css=&#8221;.vc_custom_1574351643298{margin-top: 0px !important;}&#8221;][vc_column_text]<\/p>\n<div id=\"modules\" class=\"section\">\n<div class=\"page-header\">\n<div class=\"container-fluid\">\n<div class=\"row\">\n<div class=\"col-md-12\">\n<h2><i class=\"fa fa-th-large\"><\/i> Other Modules<\/h2>\n<\/div>\n<\/div>\n<\/div>\n<\/div>\n<div class=\"container-fluid section-content\">\n<div class=\"row\">\n<div class=\"col-sm-12\">\n<h3><i class=\"fa fa-calendar\"><\/i> Orders \/ Bookings<\/h3>\n<p>Here you can check bookings at your online portal and you may edit them as well if required.<\/p>\n<p><strong>How to cancel bookings ?<\/strong><br \/>\nAfter when you have logged into your admin panel<br \/>\n<strong>01.<\/strong> Go to \u2018Bookings\u2019 in the left sidebar<br \/>\n<strong>02.<\/strong> Select a booking you want to Delete<br \/>\n<strong>03.<\/strong> Click \u2018Delete Selected\u2019 to complet the action<\/p>\n<hr \/>\n<h3><i class=\"fa fa-user-circle\"><\/i> Accounts<\/h3>\n<p><strong>How to change admin\u00a0username password?<\/strong><br \/>\nAfter when you have logged into admin panel<br \/>\n<strong>01.<\/strong> Click \u2018My profile\u2019 from the dropdown menu at the top right of your screen<br \/>\n<strong>02.<\/strong> Replace old password with your new password<br \/>\n<strong>03.<\/strong> Click submit to save changes<\/p>\n<p><strong>How to add multiple admins ?<\/strong><br \/>\nJust follow the instructions below to add or del admin accounts:<br \/>\nLogin to your admin panel, click \u2018Accounts\u2019 in the left sidebar and tap \u2018Admins\u2019<br \/>\nHere you can add or Delete accounts for admin.<\/p>\n<p><strong>How to Manage Suppliers? (Only for OTA Booking Software)<\/strong><br \/>\n<strong>01.<\/strong>\u00a0(After when they have successfully registered)\u00a0log into your admin account and find \u2018Accounts\u2019 option in the left sidebar.<br \/>\n<strong>02.<\/strong> Tap Suppliers and edit the supplier account you want to set up.<br \/>\n<strong>03.<\/strong> Change its status from Disable to Enable<br \/>\n<strong>04. <\/strong>Then look into Supplier details (E.x; Supplier for Hotel and Hotel name is Hotel Max).<br \/>\n<strong>05. <\/strong>Now add it&#8217;s required Hotel\/Cars\/Tours option.For example it&#8217;s an hotel request then we need to go into hotels option and click hotels.<\/p>\n<p><strong>06.<\/strong> Add a new hotel by filling in information provided by the supplier and submit.<br \/>\n<strong>07.<\/strong> Get back to accounts option and assign a hotel by editing it&#8217;s account.<br \/>\n<strong>08.<\/strong> After when required hotel is created and assigned you need to give that account access,most probably you will let them just edit their hotel\/cars\/tours.<\/p>\n<p><strong>09.<\/strong> Click Hotels\/Cars\/Tours as required in the edit section.<br \/>\n<strong>10.<\/strong> Send verification details and submit at the end of the page, supplier would receive an email consisting username and password.<br \/>\nYou have successfully made and supplier\u2019s account.<\/p>\n<p><strong>Note:<\/strong> Graphics below show you options such as \u2018Adding\u2019 \/ \u2018Deleting\u2019 \/ \u2018Editing\u2019 suppliers account, You can also see in the small circles that accounts are active or not.<br \/>\n<strong>Customers Management <\/strong><br \/>\nWant your registration option for your customers ? , Yes you have made right decision to choose Go-Booking Software as your business partner. Our Booking engine your customers can register and their accounts would be automatically approved but if you to keep check on this you can simply put a barrier by making their accounts approved by admins. You can Edit\/Delete customers accounts as shown in the graphics.<\/p>\n<p><strong>Guest Management <\/strong><br \/>\nCustomers can login as guest as well, this option lets your customers save time and check your market offerings.<\/p>\n<h3><i class=\"fa fa-picture-o\"><\/i> Background Slider<\/h3>\n<p>To add edit or remove your slides please follow this<\/p>\n<p><strong>01.<\/strong> login to your admin panel<br \/>\n<strong>02.<\/strong> from left sidebar click on general and select slider<br \/>\n<strong>03.<\/strong> from slider management page you can modify or delete any slides you like.<\/p>\n<hr \/>\n<h3><i class=\"fa fa-gift\"><\/i> Offers<\/h3>\n<p>\u2018Offers Management\u2019 area here you can manually add offers which you think your potential customers might be searching for, adding such locations would assist your users. You may add,delete or edit current offers as well.<\/p>\n<p><strong>How to manage offers ?<\/strong><br \/>\nAfter when you have Logged into your admin pane<\/p>\n<ul>\n<li>Click \u2018Offers\u2019 in the left sidebar and go to \u2018Offers settings\u2019<\/li>\n<\/ul>\n<p>Here you can manage offers section.<br \/>\n<strong>How to add new Offers ?<\/strong><br \/>\nAfter when you have Logged into your admin panel<br \/>\n01.Click \u2018Offers\u2019 in the left sidebar and go to \u2018Manage offers\u2019<br \/>\n02.Click \u2018Add\u2019 button at the top right in \u2018Offers Management\u2019 area<br \/>\n03.Fill in the information required<br \/>\n04.Click submit at the end to complete the action<\/p>\n<hr \/>\n<h3><i class=\"fa fa-list-alt\"><\/i> CMS<\/h3>\n<p>We do have options when it comes to managing content on your site, which can be accessed through admin panel.<br \/>\n<strong>01.<\/strong> Login to your admin panel<br \/>\n<strong>02.<\/strong> Click \u2018CMS\u2019 in the left sidebar<br \/>\nThere will be two options in the dropdown menu as listed below:<\/p>\n<p><strong>Pages<br \/>\nMenu<\/strong><\/p>\n<p><strong>How to Add and Manage pages in GO-booking Software ?<\/strong><br \/>\nAfter when you have Logged into your admin panel<br \/>\n<strong>01.<\/strong> Click \u2018CMS\u2019 in the left sidebar and Go to pages<br \/>\n<strong>02.<\/strong> Click \u2018Add\u2019<br \/>\n<strong>03.<\/strong>Fill out the information which is spotted as boxes in the graphics below<br \/>\n<strong>04.<\/strong>Step 4 can be used only\u00a0if you want to Edit or Delete existing pages<br \/>\n<strong>How To Create Menu ?<\/strong><br \/>\nAfter when you have Logged into your admin panel<br \/>\n<strong>01.<\/strong>Click \u2018CMS\u2019 in the left sidebar and Go to \u2018Menu\u2019<br \/>\n<strong>02.<\/strong>Click \u2018Create Menu\u2019 from the top right<br \/>\n<strong>03.<\/strong>Fill in the information required and click save by scrolling down.<br \/>\n<strong>04.<\/strong>Copy \u2018Menu \u2018i.d\u2019 of newly created menu, which you can see in the graphics below for \u2018header\u2019, and paste that \u2018i.d\u2019 in the code (wherever you want to place it) .<br \/>\n<strong>How to add page in the menu ?<\/strong><br \/>\nAfter when you have Logged into your admin panel<br \/>\n<strong>01.<\/strong>Click \u2018CMS\u2019 in the left sidebar<br \/>\n<strong>02.<\/strong>Go to \u2018Menu\u2019<br \/>\n<strong>03.<\/strong>Select menu in which you want to add that page from the dropdown menu<br \/>\n<strong>04.<\/strong>Select required page<br \/>\n<strong>05.<\/strong>Add to menu<br \/>\nThat\u2019s it, for further assistance you can find graphics below.<\/p>\n<hr \/>\n<h3><i class=\"fa fa-book\"><\/i> Blog<\/h3>\n<p>Here you can publish content regarding your travel business, which don\u2019t require any programming skills just simply read user manual section below to start publishing.<\/p>\n<p><strong>How to create a new blog post ?<\/strong><br \/>\nAfter when you have Logged into your admin panel<br \/>\n<strong>01.<\/strong> Click \u2018Blog\u2019 in the left sidebar<br \/>\n<strong>02.<\/strong> Selecting \u2018Add\u2019 button, you will be faced with a page containing blog post section where you can publish content which you would like to share with your users.<\/p>\n<p><strong>How to add categories in blog ?<\/strong><br \/>\nAfter when you have Logged into your admin panel<br \/>\n<strong>01.<\/strong> Click \u2018Blog\u2019 in the left sidebar<br \/>\n<strong>02.<\/strong> Go to \u2018Blog Categories\u2019<br \/>\n<strong>03.<\/strong> Here you can add\/edit and delete existing categories<br \/>\n<strong>Blog settings<\/strong><br \/>\nAfter when you have Logged into your admin panel<br \/>\n<strong>01.<\/strong> Click \u2018Blog\u2019 in the left sidebar<br \/>\n<strong>02.<\/strong> Go to \u2018Blog settings\u2019<\/p>\n<hr \/>\n<h3><i class=\"fa fa-puzzle-piece\"><\/i> Widgets<\/h3>\n<p>To add any widget to your website please follow steps.<\/p>\n<p><strong>01.<\/strong> login to your admin panel<br \/>\n<strong>02.<\/strong> click on <strong>general <\/strong>and go to <strong>widget <\/strong>from\u00a0menu<br \/>\n<strong>03.<\/strong> click on <strong>Add<\/strong> in order to add a new widget<br \/>\n<strong>04.<\/strong> type or paste your HTML code<br \/>\n<strong>05.<\/strong> click on\u00a0<strong>Add <\/strong>from bottom of the page<br \/>\n<strong>06.<\/strong> now it will take you back to widgets listing page where you can see your <strong>widgets code <\/strong>in following format:<\/p>\n<blockquote><p>&lt;?php echo run_widget(&lt;any integer number&gt;); ?&gt;<\/p><\/blockquote>\n<p><strong>07.<\/strong> copy your <strong>widget code and paste<\/strong> into any page by editing<\/p>\n<p>that&#8217;s all.<\/p>\n<hr \/>\n<h3><i class=\"fa fa-certificate\"><\/i> Coupons<\/h3>\n<p>\u2018Coupon codes management\u2019 area here you can design your discount offers by offering coupons to your potential customers.<\/p>\n<p><strong>How to add new coupons ?<\/strong><br \/>\nAfter when you have logged into your admin panel select \u2018Add\u2019 button at the top right in \u2018coupon codes management\u2019 area and then follow these simple steps:<br \/>\n<strong>01.<\/strong> Fill in coupon details<br \/>\n<strong>02.<\/strong> select module in which you want to offer discounts<br \/>\n<strong>03.<\/strong> Generate coupon code and share it with your potential clients<br \/>\n<strong>04.<\/strong> Click submit to complete this action<\/p>\n<hr \/>\n<h3><i class=\"fa fa-share-square\"><\/i> Social connections<\/h3>\n<p><strong>Social connections management<\/strong><\/p>\n<p>Social media is the backbone of any business and for that Go-Booking Softwares is very responsive when it comes to linking up with social sites. Social connection option in the general portal shows details about your business social media accounts where you can add and edit accounts. Just follow the process written below:<\/p>\n<ul>\n<li>Login to your admin panel<\/li>\n<li>Go to general option in left sidebar<\/li>\n<li>Click Social connections<\/li>\n<\/ul>\n<p>which will take you to social connections management portal. Here you can simply add\/delete and edit \u00a0Facebook, Twitter, Youtube, and Google+ accounts.<\/p>\n<hr \/>\n<h3><i class=\"fa fa-envelope\"><\/i> Newsletter<\/h3>\n<p>Newsletters are very important, In this script managing newsletter is very simple just read the instructions carefully.<\/p>\n<p><strong>How to send a Newsletter ?<\/strong><br \/>\nAfter when you have Logged into your admin panel<br \/>\n<strong>01.<\/strong> Go to \u2018Newsletter\u2019 in the left sidebar<br \/>\n<strong>02.<\/strong> Click \u2018Send Newsletter\u2019 button<br \/>\n<strong>03.<\/strong> Select to whom you want to send newsletter from the dropdown menu<br \/>\n<strong>04.<\/strong> Add a \u2018Subject\u2019<br \/>\n<strong>05.<\/strong> Create content here<br \/>\n<strong>06.<\/strong> Send to complete the action<\/p>\n<\/div>\n<\/div>\n<\/div>\n<\/div>\n<p>[\/vc_column_text][vc_row_inner][vc_column_inner width=&#8221;1\/2&#8243;][\/vc_column_inner][vc_column_inner width=&#8221;1\/2&#8243;][\/vc_column_inner][\/vc_row_inner][\/vc_column][\/vc_row][vc_row full_width=&#8221;stretch_row&#8221; css_animation=&#8221;fadeIn&#8221; css=&#8221;.vc_custom_1728555368199{background-image: url(http:\/\/hotel-channel-manager.com\/wp-content\/uploads\/2019\/11\/bgn-white-top-with-shapes-2.png?id=1491) !important;background-position: center !important;background-repeat: no-repeat !important;background-size: cover !important;}&#8221; el_id=&#8221;demobloc&#8221;][vc_column][vc_empty_space height=&#8221;80&#8243;][\/vc_column][vc_column css_animation=&#8221;fadeInRight&#8221; width=&#8221;1\/2&#8243;][vc_raw_html]JTNDaWZyYW1lJTIwd2lkdGglM0QlMjI1NjAlMjIlMjBoZWlnaHQlM0QlMjIzMTUlMjIlMjBzcmMlM0QlMjJodHRwcyUzQSUyRiUyRnd3dy55b3V0dWJlLmNvbSUyRmVtYmVkJTJGZnJxMFFtQ0lyM1UlM0ZzaSUzRGxxdWJyOHNNcl9odERyRy0lMjIlMjB0aXRsZSUzRCUyMllvdVR1YmUlMjB2aWRlbyUyMHBsYXllciUyMiUyMGZyYW1lYm9yZGVyJTNEJTIyMCUyMiUyMGFsbG93JTNEJTIyYWNjZWxlcm9tZXRlciUzQiUyMGF1dG9wbGF5JTNCJTIwY2xpcGJvYXJkLXdyaXRlJTNCJTIwZW5jcnlwdGVkLW1lZGlhJTNCJTIwZ3lyb3Njb3BlJTNCJTIwcGljdHVyZS1pbi1waWN0dXJlJTNCJTIwd2ViLXNoYXJlJTIyJTIwcmVmZXJyZXJwb2xpY3klM0QlMjJzdHJpY3Qtb3JpZ2luLXdoZW4tY3Jvc3Mtb3JpZ2luJTIyJTIwYWxsb3dmdWxsc2NyZWVuJTNFJTNDJTJGaWZyYW1lJTNF[\/vc_raw_html][\/vc_column][vc_column width=&#8221;1\/2&#8243;][vc_raw_html]JTNDaWZyYW1lJTIwd2lkdGglM0QlMjI1NjAlMjIlMjBoZWlnaHQlM0QlMjIzMTUlMjIlMjBzcmMlM0QlMjJodHRwcyUzQSUyRiUyRnd3dy55b3V0dWJlLmNvbSUyRmVtYmVkJTJGZ1EzZlBjNkM0c2MlM0ZzaSUzRE9mNEZIa1doUjc4Nl9ldEklMjIlMjB0aXRsZSUzRCUyMllvdVR1YmUlMjB2aWRlbyUyMHBsYXllciUyMiUyMGZyYW1lYm9yZGVyJTNEJTIyMCUyMiUyMGFsbG93JTNEJTIyYWNjZWxlcm9tZXRlciUzQiUyMGF1dG9wbGF5JTNCJTIwY2xpcGJvYXJkLXdyaXRlJTNCJTIwZW5jcnlwdGVkLW1lZGlhJTNCJTIwZ3lyb3Njb3BlJTNCJTIwcGljdHVyZS1pbi1waWN0dXJlJTNCJTIwd2ViLXNoYXJlJTIyJTIwcmVmZXJyZXJwb2xpY3klM0QlMjJzdHJpY3Qtb3JpZ2luLXdoZW4tY3Jvc3Mtb3JpZ2luJTIyJTIwYWxsb3dmdWxsc2NyZWVuJTNFJTNDJTJGaWZyYW1lJTNF[\/vc_raw_html][\/vc_column][vc_column][vc_row_inner][vc_column_inner][vc_btn title=&#8221;Documentation en PDF&#8221; style=&#8221;flat&#8221; shape=&#8221;square&#8221; color=&#8221;sky&#8221; align=&#8221;center&#8221; i_icon_fontawesome=&#8221;fa fa-cloud-download&#8221; button_block=&#8221;true&#8221; add_icon=&#8221;true&#8221; link=&#8221;url:https%3A%2F%2Fgohotel.ma%2Fwp-content%2Fuploads%2F2024%2F10%2Fmanuel-ghotel.pdf|||&#8221;][\/vc_column_inner][\/vc_row_inner][vc_empty_space height=&#8221;40&#8243;][\/vc_column][\/vc_row][vc_row][vc_column][vc_empty_space height=&#8221;40&#8243;][\/vc_column][vc_column css_animation=&#8221;fadeInLeft&#8221; width=&#8221;1\/2&#8243; css=&#8221;.vc_custom_1574426999233{margin-top: 0px !important;margin-right: 0px !important;margin-bottom: 0px !important;margin-left: 0px !important;border-top-width: 0px !important;border-right-width: 0px !important;border-bottom-width: 0px !important;border-left-width: 0px !important;padding-top: 0px !important;padding-right: 0px !important;padding-bottom: 0px !important;padding-left: 0px !important;}&#8221; el_id=&#8221;otherservices&#8221; el_class=&#8221;solutions&#8221;][vc_single_image image=&#8221;1443&#8243; img_size=&#8221;large&#8221; onclick=&#8221;custom_link&#8221; el_class=&#8221;img-responsive&#8221; link=&#8221;#&#8221;][\/vc_column][vc_column css_animation=&#8221;fadeInRight&#8221; width=&#8221;1\/2&#8243; css=&#8221;.vc_custom_1574427025416{margin-top: 0px !important;margin-right: 0px !important;margin-bottom: 0px !important;margin-left: 0px !important;border-top-width: 0px !important;border-right-width: 0px !important;border-bottom-width: 0px !important;border-left-width: 0px !important;padding-top: 0px !important;padding-right: 0px !important;padding-bottom: 0px !important;padding-left: 0px !important;}&#8221; el_class=&#8221;solutions&#8221;][vc_single_image image=&#8221;1442&#8243; img_size=&#8221;large&#8221; onclick=&#8221;custom_link&#8221; el_class=&#8221;img-responsive&#8221; link=&#8221;#&#8221;][\/vc_column][vc_column][vc_empty_space height=&#8221;40&#8243;][\/vc_column][\/vc_row][vc_row full_width=&#8221;stretch_row&#8221; css_animation=&#8221;fadeInUp&#8221; css=&#8221;.vc_custom_1728555451446{margin-top: 20px !important;background-color: #518ac9 !important;}&#8221;][vc_column][vc_empty_space height=&#8221;30px&#8221; el_class=&#8221;hidden-sm hidden-xs&#8221;][apus_newsletter description=&#8221;Les derni\u00e8res nouvelles envoy\u00e9es dans votre bo\u00eete de r\u00e9ception!&#8221; el_class=&#8221;newbloc&#8221;][vc_empty_space height=&#8221;30px&#8221;][vc_empty_space height=&#8221;30px&#8221; el_class=&#8221;hidden-sm hidden-xs&#8221;][\/vc_column][\/vc_row]<\/p>\n","protected":false},"excerpt":{"rendered":"<p>[vc_row full_width=&#8221;stretch_row&#8221; css=&#8221;.vc_custom_1574499301108{margin-top: 0px !important;background-color: #f2f2f2 !important;}&#8221;][vc_column width=&#8221;1\/4&#8243;][vc_empty_space height=&#8221;40&#8243;][apus_verticalmenu title=&#8221;Documentation&#8221; menu=&#8221;documentation-en&#8221; style=&#8221;darken&#8221;][\/vc_column][vc_column css_animation=&#8221;fadeInLeft&#8221; width=&#8221;3\/4&#8243; css=&#8221;.vc_custom_1574351643298{margin-top: 0px !important;}&#8221;][vc_column_text] Other Modules Orders \/ Bookings Here you can check bookings at your online portal and you may edit them as well if required. How to cancel bookings ? After when you have logged into your admin panel 01. &hellip; <br \/><a href=\"https:\/\/gohotel.ma\/en\/documentation\/other-modules\/\" class=\"more-link\">Continue reading <span class=\"screen-reader-text\">Other Modules<\/span><\/a><\/p>\n","protected":false},"author":1,"featured_media":0,"parent":1664,"menu_order":0,"comment_status":"closed","ping_status":"closed","template":"","meta":{"_monsterinsights_skip_tracking":false,"_monsterinsights_sitenote_active":false,"_monsterinsights_sitenote_note":"","_monsterinsights_sitenote_category":0,"_uf_show_specific_survey":0,"_uf_disable_surveys":false,"footnotes":""},"class_list":["post-1694","page","type-page","status-publish","hentry"],"_links":{"self":[{"href":"https:\/\/gohotel.ma\/en\/wp-json\/wp\/v2\/pages\/1694","targetHints":{"allow":["GET"]}}],"collection":[{"href":"https:\/\/gohotel.ma\/en\/wp-json\/wp\/v2\/pages"}],"about":[{"href":"https:\/\/gohotel.ma\/en\/wp-json\/wp\/v2\/types\/page"}],"author":[{"embeddable":true,"href":"https:\/\/gohotel.ma\/en\/wp-json\/wp\/v2\/users\/1"}],"replies":[{"embeddable":true,"href":"https:\/\/gohotel.ma\/en\/wp-json\/wp\/v2\/comments?post=1694"}],"version-history":[{"count":1,"href":"https:\/\/gohotel.ma\/en\/wp-json\/wp\/v2\/pages\/1694\/revisions"}],"predecessor-version":[{"id":3900,"href":"https:\/\/gohotel.ma\/en\/wp-json\/wp\/v2\/pages\/1694\/revisions\/3900"}],"up":[{"embeddable":true,"href":"https:\/\/gohotel.ma\/en\/wp-json\/wp\/v2\/pages\/1664"}],"wp:attachment":[{"href":"https:\/\/gohotel.ma\/en\/wp-json\/wp\/v2\/media?parent=1694"}],"curies":[{"name":"wp","href":"https:\/\/api.w.org\/{rel}","templated":true}]}}