{"id":1690,"date":"2019-11-25T12:14:47","date_gmt":"2019-11-25T11:14:47","guid":{"rendered":"http:\/\/hotel-channel-manager.com\/?page_id=1690"},"modified":"2025-08-18T13:50:15","modified_gmt":"2025-08-18T12:50:15","slug":"configuration","status":"publish","type":"page","link":"https:\/\/gohotel.ma\/en\/documentation\/configuration\/","title":{"rendered":"Configuration"},"content":{"rendered":"<p>[vc_row full_width=&#8221;stretch_row&#8221; css=&#8221;.vc_custom_1574499301108{margin-top: 0px !important;background-color: #f2f2f2 !important;}&#8221;][vc_column width=&#8221;1\/4&#8243;][vc_empty_space height=&#8221;40&#8243;][apus_verticalmenu title=&#8221;Documentation&#8221; menu=&#8221;documentation-en&#8221; style=&#8221;darken&#8221;][\/vc_column][vc_column css_animation=&#8221;fadeInLeft&#8221; width=&#8221;3\/4&#8243; css=&#8221;.vc_custom_1574351643298{margin-top: 0px !important;}&#8221;][vc_column_text]<\/p>\n<div id=\"configuration\" class=\"section\">\n<div class=\"page-header\">\n<div class=\"container-fluid\">\n<div class=\"row\">\n<div class=\"col-md-12\">\n<h2><i class=\"fa fa-cogs\"><\/i> Configuration<\/h2>\n<\/div>\n<\/div>\n<\/div>\n<\/div>\n<div class=\"container-fluid section-content\">\n<div class=\"row\">\n<div class=\"col-sm-12\">\n<h3 class=\"mt0\">Updates<\/h3>\n<p>To upgrade your current web application to latest version please follow below steps :<\/p>\n<p><strong>01.<\/strong>login to your website admin area Admin &gt; Updates.<\/p>\n<p><strong>02.<\/strong> Install the latest update available.<\/p>\n<p><strong>You are done!<\/strong><\/p>\n<p>you can also download the old updates files to see the already changed files in the previous versions.<\/p>\n<hr \/>\n<h3>Language Management<\/h3>\n<p><strong>Languages Folder<\/strong><br \/>\nAll languages files are stored in the ( <strong> Application\/language\/ <\/strong> ) sub-folders.<\/p>\n<p><strong>Default Languages<\/strong><br \/>\nWe have added some default languages which comes with the software when you install and they can be edited \/ modified.<\/p>\n<p><strong>Adding a New Language<\/strong><\/p>\n<p>You can easily create your own language for your website using this script, just follow these steps below:<\/p>\n<ol>\n<li>After when you have logged into your hosting cpanel, Go to &#8216;File manager&#8217; and click &#8216;Public_html&#8217;<\/li>\n<li>Click &#8216;application&#8217; and find &#8216;language&#8217; option<\/li>\n<li>After getting into &#8216;language&#8217; option create a new folder\u00a0(from the top left) containing your language name <strong>[\u00a0use country code instead of full name e.x ( English ) should be like ( en ) ]<\/strong><\/li>\n<li>Now go to default &#8216;en&#8217; english language folder and \u00a0Copy these two files to your newly created folder 1. ( <strong>front_lang.php<\/strong> ) and 2. (<strong> name.txt<\/strong> )<\/li>\n<li>Go to your newly created\u00a0folder and edit these 2 copied files\u00a0( <strong>front_lang.php<\/strong> ) and \u00a0(<strong> name.txt<\/strong> )<\/li>\n<li>Replace all english words with your language words in file 1.\u00a0<strong>front_lang.php<\/strong>\u00a0, and edit file 2.\u00a0<strong>name.txt<\/strong>\u00a0 now\u00a0if your language supports <strong> RTL<\/strong>\u00a0then change <strong>LTR to RTL <\/strong> final results of the file should be like (<strong> EN,LTR<\/strong> ) seperated by coma<\/li>\n<li><strong>Optional<\/strong> : if your theme supports flag icon then follow these instructions below:<br \/>\nCopy your flag icon to path ( <strong> uploads\/images\/language\/en.png <\/strong> ) <strong> Note : <\/strong> the icon image name should be same as your language name like ( en.png )<\/li>\n<\/ol>\n<hr \/>\n<h3>Payment Gateways<\/h3>\n<p>Payment gateways can be configured in <strong>General &gt; Payment Gateways<\/strong>. Each gateway has their own specific API requirements in order to process transactions so they will vary from gateway to gateway. However, all gateways have 3 core options:<\/p>\n<ul>\n<li><strong>Show on Order Form<\/strong> &#8211; Checking this box will mean it can be shown on the order form as an option &#8211; subject to product group gateway restrictions<\/li>\n<li><strong>Visible Name<\/strong> &#8211; The name that is used for this gateway throughout the system and to clients (eg. gateway can be Authorize.net, visible name might be Credit Card)<\/li>\n<li><strong>Convert To For Processing<\/strong> &#8211; This option is for when using multiple currencies. It is possible that not every gateway you use will accept all the currencies you offer on your site and so for those that don&#8217;t, you can choose a currency here for Go-Booking Software to convert to before sending to them. For example if using Google Checkout with a UK account but offering prices in GBP &amp; USD, you would need to select GBP in the Convert To box. This will use the rates set in Config &gt; Currencies to do the conversion which can be set to auto update daily.<\/li>\n<\/ul>\n<p><!--\n\n\n<h3>Configuration of CMI :<\/h3>\n\n\nAdd the CMI Key in the file callb_3300187e.php.\n\n\n<blockquote>\n\t\t\t\t\t\t\t&nbsp;&nbsp;&nbsp; \/*** INSERT YOUR SECRET KEY HERE***\/\n&nbsp;&nbsp;&nbsp; $storeKey = \"Insert Your Secret Key Here\";<\/blockquote>\n\n\nyou need to insert the Secret key and the Store Id of your CMI as well in the file application\/modules\/Gateways\/CMI.php\n\n\n<blockquote>\n\t\t\t\t\t\t\t&nbsp;&nbsp;&nbsp; \/*** INSERT YOUR SECRET KEY HERE***\/\n&nbsp;&nbsp;&nbsp; $SLKSecretkey = \"Insert Your Secret Key Here\";\n&nbsp;&nbsp;&nbsp; \/**** INSERT YOUR STORE ID HERE ****\/\n&nbsp;&nbsp;&nbsp; $storeId = 'Insert Your Store Id Here';<\/blockquote>\n\n\n--><\/p>\n<p><strong>Deactivating Gateway Modules<\/strong><\/p>\n<p>Should you no longer wish to use a particular payment gateway clicking the red <em>(Deactivate)<\/em> link beside the name will gracefully remove the gateway from the system. This will prevent any further payments being made using this gateway and automatically reassign any other assigned to that payment method to another option. Upon clicking the deactivate link, a popup window will appear prompting for the selection of the alternative payment gateway to which any currently assigned items should be changed to.<\/p>\n<hr \/>\n<h3>Common Errors<\/h3>\n<p class=\"ng-binding\"><strong>No input file specified.<\/strong><\/p>\n<p>if you encounter this Error in your admin panel, please Follow this below procedure.<\/p>\n<p>Go to <em>.htaccess<\/em> file in your public_html where you installed the product. and add following lines to it.<\/p>\n<blockquote><p>&lt;IfModule mod_rewrite.c&gt;<br \/>\nRewriteEngine On<br \/>\nRewriteCond %{REQUEST_URI} ^system.*<br \/>\nRewriteRule ^(.*)$ index.php?\/$1 [L]<br \/>\nRewriteCond %{REQUEST_URI} ^application.*<br \/>\nRewriteRule ^(.*)$ index.php?\/$1 [L]<br \/>\nRewriteCond %{REQUEST_FILENAME} !-f<br \/>\nRewriteCond %{REQUEST_FILENAME} !-d<br \/>\nRewriteRule ^(.*)$ index.php?\/$1 [L]<br \/>\n&lt;\/IfModule&gt;<\/p><\/blockquote>\n<p>now save it, go to your admin panel again and refresh your page.<\/p>\n<\/div>\n<\/div>\n<\/div>\n<\/div>\n<p>[\/vc_column_text][vc_row_inner][vc_column_inner width=&#8221;1\/2&#8243;][\/vc_column_inner][vc_column_inner width=&#8221;1\/2&#8243;][\/vc_column_inner][\/vc_row_inner][\/vc_column][\/vc_row][vc_row full_width=&#8221;stretch_row&#8221; css_animation=&#8221;fadeIn&#8221; css=&#8221;.vc_custom_1728555162877{background-image: url(http:\/\/hotel-channel-manager.com\/wp-content\/uploads\/2019\/11\/bgn-white-top-with-shapes-2.png?id=1491) !important;background-position: center !important;background-repeat: no-repeat !important;background-size: cover !important;}&#8221; el_id=&#8221;demobloc&#8221;][vc_column][vc_empty_space height=&#8221;80&#8243;][\/vc_column][vc_column css_animation=&#8221;fadeInRight&#8221; width=&#8221;1\/2&#8243;][vc_raw_html]JTNDaWZyYW1lJTIwd2lkdGglM0QlMjI1NjAlMjIlMjBoZWlnaHQlM0QlMjIzMTUlMjIlMjBzcmMlM0QlMjJodHRwcyUzQSUyRiUyRnd3dy55b3V0dWJlLmNvbSUyRmVtYmVkJTJGZnJxMFFtQ0lyM1UlM0ZzaSUzRGxxdWJyOHNNcl9odERyRy0lMjIlMjB0aXRsZSUzRCUyMllvdVR1YmUlMjB2aWRlbyUyMHBsYXllciUyMiUyMGZyYW1lYm9yZGVyJTNEJTIyMCUyMiUyMGFsbG93JTNEJTIyYWNjZWxlcm9tZXRlciUzQiUyMGF1dG9wbGF5JTNCJTIwY2xpcGJvYXJkLXdyaXRlJTNCJTIwZW5jcnlwdGVkLW1lZGlhJTNCJTIwZ3lyb3Njb3BlJTNCJTIwcGljdHVyZS1pbi1waWN0dXJlJTNCJTIwd2ViLXNoYXJlJTIyJTIwcmVmZXJyZXJwb2xpY3klM0QlMjJzdHJpY3Qtb3JpZ2luLXdoZW4tY3Jvc3Mtb3JpZ2luJTIyJTIwYWxsb3dmdWxsc2NyZWVuJTNFJTNDJTJGaWZyYW1lJTNF[\/vc_raw_html][\/vc_column][vc_column width=&#8221;1\/2&#8243;][vc_raw_html]JTNDaWZyYW1lJTIwd2lkdGglM0QlMjI1NjAlMjIlMjBoZWlnaHQlM0QlMjIzMTUlMjIlMjBzcmMlM0QlMjJodHRwcyUzQSUyRiUyRnd3dy55b3V0dWJlLmNvbSUyRmVtYmVkJTJGY01OXzQ5RzQwVnMlM0ZzaSUzRFBQR3RJckh3RjlWeVNVWEolMjIlMjB0aXRsZSUzRCUyMllvdVR1YmUlMjB2aWRlbyUyMHBsYXllciUyMiUyMGZyYW1lYm9yZGVyJTNEJTIyMCUyMiUyMGFsbG93JTNEJTIyYWNjZWxlcm9tZXRlciUzQiUyMGF1dG9wbGF5JTNCJTIwY2xpcGJvYXJkLXdyaXRlJTNCJTIwZW5jcnlwdGVkLW1lZGlhJTNCJTIwZ3lyb3Njb3BlJTNCJTIwcGljdHVyZS1pbi1waWN0dXJlJTNCJTIwd2ViLXNoYXJlJTIyJTIwcmVmZXJyZXJwb2xpY3klM0QlMjJzdHJpY3Qtb3JpZ2luLXdoZW4tY3Jvc3Mtb3JpZ2luJTIyJTIwYWxsb3dmdWxsc2NyZWVuJTNFJTNDJTJGaWZyYW1lJTNF[\/vc_raw_html][\/vc_column][vc_column][vc_row_inner][vc_column_inner][vc_btn title=&#8221;Documentation en PDF&#8221; style=&#8221;flat&#8221; shape=&#8221;square&#8221; color=&#8221;sky&#8221; align=&#8221;center&#8221; i_icon_fontawesome=&#8221;fa fa-cloud-download&#8221; button_block=&#8221;true&#8221; add_icon=&#8221;true&#8221; link=&#8221;url:https%3A%2F%2Fgohotel.ma%2Fwp-content%2Fuploads%2F2024%2F10%2Fmanuel-ghotel.pdf|||&#8221;][\/vc_column_inner][\/vc_row_inner][vc_empty_space height=&#8221;40&#8243;][\/vc_column][\/vc_row][vc_row][vc_column][vc_empty_space height=&#8221;40&#8243;][\/vc_column][vc_column css_animation=&#8221;fadeInLeft&#8221; width=&#8221;1\/2&#8243; css=&#8221;.vc_custom_1574426999233{margin-top: 0px !important;margin-right: 0px !important;margin-bottom: 0px !important;margin-left: 0px !important;border-top-width: 0px !important;border-right-width: 0px !important;border-bottom-width: 0px !important;border-left-width: 0px !important;padding-top: 0px !important;padding-right: 0px !important;padding-bottom: 0px !important;padding-left: 0px !important;}&#8221; el_id=&#8221;otherservices&#8221; el_class=&#8221;solutions&#8221;][vc_single_image image=&#8221;1443&#8243; img_size=&#8221;large&#8221; onclick=&#8221;custom_link&#8221; el_class=&#8221;img-responsive&#8221; link=&#8221;#&#8221;][\/vc_column][vc_column css_animation=&#8221;fadeInRight&#8221; width=&#8221;1\/2&#8243; css=&#8221;.vc_custom_1574427025416{margin-top: 0px !important;margin-right: 0px !important;margin-bottom: 0px !important;margin-left: 0px !important;border-top-width: 0px !important;border-right-width: 0px !important;border-bottom-width: 0px !important;border-left-width: 0px !important;padding-top: 0px !important;padding-right: 0px !important;padding-bottom: 0px !important;padding-left: 0px !important;}&#8221; el_class=&#8221;solutions&#8221;][vc_single_image image=&#8221;1442&#8243; img_size=&#8221;large&#8221; onclick=&#8221;custom_link&#8221; el_class=&#8221;img-responsive&#8221; link=&#8221;#&#8221;][\/vc_column][vc_column][vc_empty_space height=&#8221;40&#8243;][\/vc_column][\/vc_row][vc_row full_width=&#8221;stretch_row&#8221; css_animation=&#8221;fadeInUp&#8221; css=&#8221;.vc_custom_1728555183713{margin-top: 20px !important;background-color: #518ac9 !important;}&#8221;][vc_column][vc_empty_space height=&#8221;30px&#8221; el_class=&#8221;hidden-sm hidden-xs&#8221;][apus_newsletter description=&#8221;Les derni\u00e8res nouvelles envoy\u00e9es dans votre bo\u00eete de r\u00e9ception!&#8221; el_class=&#8221;newbloc&#8221;][vc_empty_space height=&#8221;30px&#8221;][vc_empty_space height=&#8221;30px&#8221; el_class=&#8221;hidden-sm hidden-xs&#8221;][\/vc_column][\/vc_row]<\/p>\n","protected":false},"excerpt":{"rendered":"<p>[vc_row full_width=&#8221;stretch_row&#8221; css=&#8221;.vc_custom_1574499301108{margin-top: 0px !important;background-color: #f2f2f2 !important;}&#8221;][vc_column width=&#8221;1\/4&#8243;][vc_empty_space height=&#8221;40&#8243;][apus_verticalmenu title=&#8221;Documentation&#8221; menu=&#8221;documentation-en&#8221; style=&#8221;darken&#8221;][\/vc_column][vc_column css_animation=&#8221;fadeInLeft&#8221; width=&#8221;3\/4&#8243; css=&#8221;.vc_custom_1574351643298{margin-top: 0px !important;}&#8221;][vc_column_text] Configuration Updates To upgrade your current web application to latest version please follow below steps : 01.login to your website admin area Admin &gt; Updates. 02. Install the latest update available. You are done! you can also download &hellip; <br \/><a href=\"https:\/\/gohotel.ma\/en\/documentation\/configuration\/\" class=\"more-link\">Continue reading <span class=\"screen-reader-text\">Configuration<\/span><\/a><\/p>\n","protected":false},"author":1,"featured_media":0,"parent":1664,"menu_order":0,"comment_status":"closed","ping_status":"closed","template":"","meta":{"_monsterinsights_skip_tracking":false,"_monsterinsights_sitenote_active":false,"_monsterinsights_sitenote_note":"","_monsterinsights_sitenote_category":0,"_uf_show_specific_survey":0,"_uf_disable_surveys":false,"footnotes":""},"class_list":["post-1690","page","type-page","status-publish","hentry"],"_links":{"self":[{"href":"https:\/\/gohotel.ma\/en\/wp-json\/wp\/v2\/pages\/1690","targetHints":{"allow":["GET"]}}],"collection":[{"href":"https:\/\/gohotel.ma\/en\/wp-json\/wp\/v2\/pages"}],"about":[{"href":"https:\/\/gohotel.ma\/en\/wp-json\/wp\/v2\/types\/page"}],"author":[{"embeddable":true,"href":"https:\/\/gohotel.ma\/en\/wp-json\/wp\/v2\/users\/1"}],"replies":[{"embeddable":true,"href":"https:\/\/gohotel.ma\/en\/wp-json\/wp\/v2\/comments?post=1690"}],"version-history":[{"count":1,"href":"https:\/\/gohotel.ma\/en\/wp-json\/wp\/v2\/pages\/1690\/revisions"}],"predecessor-version":[{"id":3897,"href":"https:\/\/gohotel.ma\/en\/wp-json\/wp\/v2\/pages\/1690\/revisions\/3897"}],"up":[{"embeddable":true,"href":"https:\/\/gohotel.ma\/en\/wp-json\/wp\/v2\/pages\/1664"}],"wp:attachment":[{"href":"https:\/\/gohotel.ma\/en\/wp-json\/wp\/v2\/media?parent=1690"}],"curies":[{"name":"wp","href":"https:\/\/api.w.org\/{rel}","templated":true}]}}