{"id":1686,"date":"2019-11-25T12:17:25","date_gmt":"2019-11-25T11:17:25","guid":{"rendered":"http:\/\/hotel-channel-manager.com\/?page_id=1686"},"modified":"2025-08-18T13:53:26","modified_gmt":"2025-08-18T12:53:26","slug":"installation","status":"publish","type":"page","link":"https:\/\/gohotel.ma\/en\/documentation\/installation\/","title":{"rendered":"Installation"},"content":{"rendered":"<p>[vc_row full_width=&#8221;stretch_row&#8221; css=&#8221;.vc_custom_1574499301108{margin-top: 0px !important;background-color: #f2f2f2 !important;}&#8221;][vc_column width=&#8221;1\/4&#8243;][vc_empty_space height=&#8221;40&#8243;][apus_verticalmenu title=&#8221;Documentation&#8221; menu=&#8221;documentation-en&#8221; style=&#8221;darken&#8221;][\/vc_column][vc_column css_animation=&#8221;fadeInLeft&#8221; width=&#8221;3\/4&#8243; css=&#8221;.vc_custom_1574351643298{margin-top: 0px !important;}&#8221;][vc_column_text]<\/p>\n<div id=\"installation\" class=\"section\">\n<div class=\"page-header\">\n<div class=\"container-fluid\">\n<div class=\"row\">\n<div class=\"col-md-12\">\n<h2><i class=\"fa fa-archive\"><\/i> Installation<\/h2>\n<\/div>\n<\/div>\n<\/div>\n<\/div>\n<div class=\"container-fluid section-content\">\n<div class=\"row\">\n<div class=\"col-sm-12\">\n<h3 class=\"mt0\">Installer<\/h3>\n<p>This product provides an installation wizard:<\/p>\n<p>Installation of our scripts is very simple, Just follow these steps below and kickstart your travel business:<\/p>\n<p><strong>Before you proceed to instalaltion. please make sure you have already linux based server with cpanel installed.\u00a0<\/strong><\/p>\n<p><strong>Step 1.<\/strong> Download compressed file<br \/>\nDownload the latest version of the script you want to install to\u00a0your computer.<\/p>\n<hr \/>\n<p><strong>Step 2.<\/strong> Upload the downloaded archive<br \/>\nUpload content of this folder (Including all files and subdirectories) to your public_html\/ of your FTP, cpanel or any of your hosting panels.<\/p>\n<hr \/>\n<p><strong>Step 3.<\/strong> Create database<br \/>\nUsing your hosting Control Panel, phpMyAdmin or another tool, create your database and user, and assign that user to the database. Write down the name of the database, username, and password for the site installation procedure.<\/p>\n<hr \/>\n<p><strong>Step 4.<\/strong> Edit database.php file<br \/>\nReplace the lines bellow with your database informations you just created:<\/p>\n<blockquote><p>\u00a0\u00a0\u00a0 &#8216;username&#8217; =&gt; &#8220;Add your database username here&#8221;,<br \/>\n&#8216;password&#8217; =&gt; &#8220;Add your database password here&#8221;,<br \/>\n&#8216;database&#8217; =&gt; &#8220;Add your database name here&#8221;,<\/p><\/blockquote>\n<hr \/>\n<p><strong>Step 5.<\/strong> Setting up access permissions<br \/>\nTo setup permissions write\u00a0755 or 777 to folder ( Uploads ) and file ) database.php ).<br \/>\nIf you&#8217;re running this script on Apache with a web hosting company you have mod_rewrite already enabled in most of cases. How to enable mod_rewrite on your localhost read here: http:\/\/httpd.apache.org\/docs\/current\/rewrite\/<\/p>\n<hr \/>\n<p><strong>Step 6.<\/strong> Running installation process<br \/>\nNow you can start installation process by typing your domain name \u2019\/install\u2019 e.x<br \/>\n(<a href=\"http:\/\/www.yourdomain.com\/install\" target=\"_blank\" rel=\"noopener\">www.yourdomain.com\/install<\/a>)<br \/>\nor<br \/>\n<strong>http:\/\/{www.mydomain.com}\/{application-directory}\/install<\/strong><br \/>\nFollowing the instructions you will be required to enter a few details which are as follows: Database host, Database name, Username and password, beside these things you will be providing another username and password for the \u2018Admin\u2019 account to access administration area of your site.<\/p>\n<hr \/>\n<p><strong>Step 7.<\/strong> Deleting installation files<br \/>\nAfter when you have successfully installed this software, Delete the ( install ) directory located on root of your website to avoid any security issues.<\/p>\n<hr \/>\n<p>Congratulations, You have successfully installed your software!<\/p>\n<\/div>\n<\/div>\n<\/div>\n<\/div>\n<p>[\/vc_column_text][vc_row_inner][vc_column_inner width=&#8221;1\/2&#8243;][\/vc_column_inner][vc_column_inner width=&#8221;1\/2&#8243;][\/vc_column_inner][\/vc_row_inner][\/vc_column][\/vc_row][vc_row full_width=&#8221;stretch_row&#8221; css_animation=&#8221;fadeIn&#8221; css=&#8221;.vc_custom_1728555251648{background-image: url(http:\/\/hotel-channel-manager.com\/wp-content\/uploads\/2019\/11\/bgn-white-top-with-shapes-2.png?id=1491) !important;background-position: center !important;background-repeat: no-repeat !important;background-size: cover !important;}&#8221; el_id=&#8221;demobloc&#8221;][vc_column][vc_empty_space height=&#8221;80&#8243;][\/vc_column][vc_column css_animation=&#8221;fadeInRight&#8221; width=&#8221;1\/2&#8243;][vc_raw_html]JTNDaWZyYW1lJTIwd2lkdGglM0QlMjI1NjAlMjIlMjBoZWlnaHQlM0QlMjIzMTUlMjIlMjBzcmMlM0QlMjJodHRwcyUzQSUyRiUyRnd3dy55b3V0dWJlLmNvbSUyRmVtYmVkJTJGZnJxMFFtQ0lyM1UlM0ZzaSUzRGxxdWJyOHNNcl9odERyRy0lMjIlMjB0aXRsZSUzRCUyMllvdVR1YmUlMjB2aWRlbyUyMHBsYXllciUyMiUyMGZyYW1lYm9yZGVyJTNEJTIyMCUyMiUyMGFsbG93JTNEJTIyYWNjZWxlcm9tZXRlciUzQiUyMGF1dG9wbGF5JTNCJTIwY2xpcGJvYXJkLXdyaXRlJTNCJTIwZW5jcnlwdGVkLW1lZGlhJTNCJTIwZ3lyb3Njb3BlJTNCJTIwcGljdHVyZS1pbi1waWN0dXJlJTNCJTIwd2ViLXNoYXJlJTIyJTIwcmVmZXJyZXJwb2xpY3klM0QlMjJzdHJpY3Qtb3JpZ2luLXdoZW4tY3Jvc3Mtb3JpZ2luJTIyJTIwYWxsb3dmdWxsc2NyZWVuJTNFJTNDJTJGaWZyYW1lJTNF[\/vc_raw_html][\/vc_column][vc_column width=&#8221;1\/2&#8243;][vc_raw_html]JTNDaWZyYW1lJTIwd2lkdGglM0QlMjI1NjAlMjIlMjBoZWlnaHQlM0QlMjIzMTUlMjIlMjBzcmMlM0QlMjJodHRwcyUzQSUyRiUyRnd3dy55b3V0dWJlLmNvbSUyRmVtYmVkJTJGWkJLTHViNlRoTjQlM0ZzaSUzRGJrY1BiU3Fqc0FLM2hXX2UlMjIlMjB0aXRsZSUzRCUyMllvdVR1YmUlMjB2aWRlbyUyMHBsYXllciUyMiUyMGZyYW1lYm9yZGVyJTNEJTIyMCUyMiUyMGFsbG93JTNEJTIyYWNjZWxlcm9tZXRlciUzQiUyMGF1dG9wbGF5JTNCJTIwY2xpcGJvYXJkLXdyaXRlJTNCJTIwZW5jcnlwdGVkLW1lZGlhJTNCJTIwZ3lyb3Njb3BlJTNCJTIwcGljdHVyZS1pbi1waWN0dXJlJTNCJTIwd2ViLXNoYXJlJTIyJTIwcmVmZXJyZXJwb2xpY3klM0QlMjJzdHJpY3Qtb3JpZ2luLXdoZW4tY3Jvc3Mtb3JpZ2luJTIyJTIwYWxsb3dmdWxsc2NyZWVuJTNFJTNDJTJGaWZyYW1lJTNF[\/vc_raw_html][\/vc_column][vc_column][vc_row_inner][vc_column_inner][vc_btn title=&#8221;Documentation en PDF&#8221; style=&#8221;flat&#8221; shape=&#8221;square&#8221; color=&#8221;sky&#8221; align=&#8221;center&#8221; i_icon_fontawesome=&#8221;fa fa-cloud-download&#8221; button_block=&#8221;true&#8221; add_icon=&#8221;true&#8221; link=&#8221;url:https%3A%2F%2Fgohotel.ma%2Fwp-content%2Fuploads%2F2024%2F10%2Fmanuel-ghotel.pdf|||&#8221;][\/vc_column_inner][\/vc_row_inner][vc_empty_space height=&#8221;40&#8243;][\/vc_column][\/vc_row][vc_row][vc_column][vc_empty_space height=&#8221;40&#8243;][\/vc_column][vc_column css_animation=&#8221;fadeInLeft&#8221; width=&#8221;1\/2&#8243; css=&#8221;.vc_custom_1574426999233{margin-top: 0px !important;margin-right: 0px !important;margin-bottom: 0px !important;margin-left: 0px !important;border-top-width: 0px !important;border-right-width: 0px !important;border-bottom-width: 0px !important;border-left-width: 0px !important;padding-top: 0px !important;padding-right: 0px !important;padding-bottom: 0px !important;padding-left: 0px !important;}&#8221; el_id=&#8221;otherservices&#8221; el_class=&#8221;solutions&#8221;][vc_single_image image=&#8221;1443&#8243; img_size=&#8221;large&#8221; onclick=&#8221;custom_link&#8221; el_class=&#8221;img-responsive&#8221; link=&#8221;#&#8221;][\/vc_column][vc_column css_animation=&#8221;fadeInRight&#8221; width=&#8221;1\/2&#8243; css=&#8221;.vc_custom_1574427025416{margin-top: 0px !important;margin-right: 0px !important;margin-bottom: 0px !important;margin-left: 0px !important;border-top-width: 0px !important;border-right-width: 0px !important;border-bottom-width: 0px !important;border-left-width: 0px !important;padding-top: 0px !important;padding-right: 0px !important;padding-bottom: 0px !important;padding-left: 0px !important;}&#8221; el_class=&#8221;solutions&#8221;][vc_single_image image=&#8221;1442&#8243; img_size=&#8221;large&#8221; onclick=&#8221;custom_link&#8221; el_class=&#8221;img-responsive&#8221; link=&#8221;#&#8221;][\/vc_column][vc_column][vc_empty_space height=&#8221;40&#8243;][\/vc_column][\/vc_row][vc_row full_width=&#8221;stretch_row&#8221; css_animation=&#8221;fadeInUp&#8221; css=&#8221;.vc_custom_1728555325250{margin-top: 20px !important;background-color: #518ac9 !important;}&#8221;][vc_column][vc_empty_space height=&#8221;30px&#8221; el_class=&#8221;hidden-sm hidden-xs&#8221;][apus_newsletter description=&#8221;Les derni\u00e8res nouvelles envoy\u00e9es dans votre bo\u00eete de r\u00e9ception!&#8221; el_class=&#8221;newbloc&#8221;][vc_empty_space height=&#8221;30px&#8221;][vc_empty_space height=&#8221;30px&#8221; el_class=&#8221;hidden-sm hidden-xs&#8221;][\/vc_column][\/vc_row]<\/p>\n","protected":false},"excerpt":{"rendered":"<p>[vc_row full_width=&#8221;stretch_row&#8221; css=&#8221;.vc_custom_1574499301108{margin-top: 0px !important;background-color: #f2f2f2 !important;}&#8221;][vc_column width=&#8221;1\/4&#8243;][vc_empty_space height=&#8221;40&#8243;][apus_verticalmenu title=&#8221;Documentation&#8221; menu=&#8221;documentation-en&#8221; style=&#8221;darken&#8221;][\/vc_column][vc_column css_animation=&#8221;fadeInLeft&#8221; width=&#8221;3\/4&#8243; css=&#8221;.vc_custom_1574351643298{margin-top: 0px !important;}&#8221;][vc_column_text] Installation Installer This product provides an installation wizard: Installation of our scripts is very simple, Just follow these steps below and kickstart your travel business: Before you proceed to instalaltion. please make sure you have already linux based &hellip; <br \/><a href=\"https:\/\/gohotel.ma\/en\/documentation\/installation\/\" class=\"more-link\">Continue reading <span class=\"screen-reader-text\">Installation<\/span><\/a><\/p>\n","protected":false},"author":1,"featured_media":0,"parent":1664,"menu_order":0,"comment_status":"closed","ping_status":"closed","template":"","meta":{"_monsterinsights_skip_tracking":false,"_monsterinsights_sitenote_active":false,"_monsterinsights_sitenote_note":"","_monsterinsights_sitenote_category":0,"_uf_show_specific_survey":0,"_uf_disable_surveys":false,"footnotes":""},"class_list":["post-1686","page","type-page","status-publish","hentry"],"_links":{"self":[{"href":"https:\/\/gohotel.ma\/en\/wp-json\/wp\/v2\/pages\/1686","targetHints":{"allow":["GET"]}}],"collection":[{"href":"https:\/\/gohotel.ma\/en\/wp-json\/wp\/v2\/pages"}],"about":[{"href":"https:\/\/gohotel.ma\/en\/wp-json\/wp\/v2\/types\/page"}],"author":[{"embeddable":true,"href":"https:\/\/gohotel.ma\/en\/wp-json\/wp\/v2\/users\/1"}],"replies":[{"embeddable":true,"href":"https:\/\/gohotel.ma\/en\/wp-json\/wp\/v2\/comments?post=1686"}],"version-history":[{"count":1,"href":"https:\/\/gohotel.ma\/en\/wp-json\/wp\/v2\/pages\/1686\/revisions"}],"predecessor-version":[{"id":3901,"href":"https:\/\/gohotel.ma\/en\/wp-json\/wp\/v2\/pages\/1686\/revisions\/3901"}],"up":[{"embeddable":true,"href":"https:\/\/gohotel.ma\/en\/wp-json\/wp\/v2\/pages\/1664"}],"wp:attachment":[{"href":"https:\/\/gohotel.ma\/en\/wp-json\/wp\/v2\/media?parent=1686"}],"curies":[{"name":"wp","href":"https:\/\/api.w.org\/{rel}","templated":true}]}}