{"id":1664,"date":"2019-11-23T11:24:32","date_gmt":"2019-11-23T10:24:32","guid":{"rendered":"http:\/\/hotel-channel-manager.com\/documentation-3\/"},"modified":"2025-08-18T11:32:52","modified_gmt":"2025-08-18T10:32:52","slug":"documentation","status":"publish","type":"page","link":"https:\/\/gohotel.ma\/en\/documentation\/","title":{"rendered":"Documentation"},"content":{"rendered":"<p data-rm-block-id=\"block-1\">[vc_row full_width=&#8221;stretch_row&#8221; css=&#8221;.vc_custom_1574499301108{margin-top: 0px !important;background-color: #f2f2f2 !important;}&#8221;][vc_column width=&#8221;1\/4&#8243;][vc_empty_space height=&#8221;40&#8243;][apus_verticalmenu title=&#8221;Documentation&#8221; menu=&#8221;documentation&#8221; style=&#8221;darken&#8221;][\/vc_column][vc_column css_animation=&#8221;fadeInLeft&#8221; width=&#8221;3\/4&#8243; css=&#8221;.vc_custom_1574351643298{margin-top: 0px !important;}&#8221;][vc_column_text]<\/p>\n<h2 data-rm-block-id=\"block-2\">Presentation<\/h2>\n<h1 data-rm-block-id=\"block-3\">GOHotel Web-Based Reservation Software<\/h1>\n<p data-rm-block-id=\"block-4\">Our training programs are designed to help you master all the necessary elements to meet the digitalization needs of your hotel, while adapting to your expectations and drawing from your experiences.<\/p>\n<p data-rm-block-id=\"block-5\">The training includes access to our E-learning platform with theoretical and practical courses, videos, tutorials, and quizzes.<\/p>\n<p data-rm-block-id=\"block-6\">This highly flexible formula is a dynamic training model in which hotel managers are freed from logistical and organizational constraints of the accommodation establishment.<\/p>\n<p data-rm-block-id=\"block-7\"><big><strong>Training on the use of the Channel Manager PMS and Booking Engine<\/strong><\/big><\/p>\n<h3 data-rm-block-id=\"block-8\">Master the basic features of the GOHOTEL management tool!<\/h3>\n<p data-rm-block-id=\"block-9\">Deploying a management solution requires upfront planning, project monitoring, support, and a personalized training program.<\/p>\n<p data-rm-block-id=\"block-10\">The GOHOTEL management training will allow you to master the commercial and accounting management functions of the solution. It is particularly aimed at staff in managerial, administrative, accounting, and commercial departments.<\/p>\n<p data-rm-block-id=\"block-11\"><strong>For more information:<\/strong><\/p>\n<ul>\n<li data-rm-block-id=\"block-12\">Training objectives.<\/li>\n<li data-rm-block-id=\"block-13\">Prerequisites for the training.<\/li>\n<li data-rm-block-id=\"block-14\">Topics covered.<\/li>\n<li data-rm-block-id=\"block-15\">Organization and duration.<\/li>\n<\/ul>\n<p data-rm-block-id=\"block-16\"><big><strong>Training Objectives for GOHOTEL Management Software:<\/strong><\/big><br \/>\nDiscover all the management features.<br \/>\nMaster the technical and commercial management functions of the solution.<br \/>\nStudy the implementation of a commercial and accounting management process.<\/p>\n<ul>\n<li data-rm-block-id=\"block-17\">Enhance personal efficiency in commercial management with new skills acquisition.<\/li>\n<li data-rm-block-id=\"block-18\">Increase the success rate of implementing a digitalization solution for your agency.<\/li>\n<\/ul>\n<p data-rm-block-id=\"block-19\"><big><strong>Prerequisites for Commercial Management Software Training:<\/strong><\/big><\/p>\n<ul>\n<li data-rm-block-id=\"block-20\">Proficiency in computer and internet tools.<\/li>\n<li data-rm-block-id=\"block-21\">Mastery of the sales force process.<\/li>\n<\/ul>\n<p data-rm-block-id=\"block-22\"><big><strong>Topics covered during the training:<\/strong><\/big><\/p>\n<ul>\n<li>Introduction:\n<ul>\n<li data-rm-block-id=\"block-23\">Review of essential GOHOTEL functions.<\/li>\n<li data-rm-block-id=\"block-24\">Introduction to management modules.<\/li>\n<\/ul>\n<\/li>\n<li>Product catalog\n<ul>\n<li data-rm-block-id=\"block-25\">Room management.<\/li>\n<li data-rm-block-id=\"block-26\">Translation.<\/li>\n<\/ul>\n<\/li>\n<li>Quotes or proposals\n<ul>\n<li data-rm-block-id=\"block-27\">Creating quotes.<\/li>\n<li data-rm-block-id=\"block-28\">Sending quotes via email.<\/li>\n<\/ul>\n<\/li>\n<li>Orders:\n<ul>\n<li data-rm-block-id=\"block-29\">Order creation and tracking.<\/li>\n<li data-rm-block-id=\"block-30\">Order schedule and portfolio.<\/li>\n<\/ul>\n<\/li>\n<li>Billing\n<ul>\n<li data-rm-block-id=\"block-31\">Creating invoices.<\/li>\n<li data-rm-block-id=\"block-32\">Printing invoices and vouchers.<\/li>\n<\/ul>\n<\/li>\n<li>Other functions: exports and controls\n<ul>\n<li data-rm-block-id=\"block-33\">Commercial sales journal.<\/li>\n<\/ul>\n<\/li>\n<\/ul>\n<p data-rm-block-id=\"block-34\"><big><strong>Training Organization:<\/strong><\/big><\/p>\n<ul>\n<li data-rm-block-id=\"block-35\">Single-company or multi-company.<\/li>\n<li data-rm-block-id=\"block-36\">Access to the E-learning platform.<\/li>\n<li data-rm-block-id=\"block-37\">Support and after-sales service assistance.<\/li>\n<\/ul>\n<div class=\"region region-content\">\n<div id=\"block-system-main\" class=\"block block-system wow fadeIn first last animated\" data-wow-delay=\"0.1s\" data-wow-duration=\"1s\" data-wow-iteration=\"1\">\n<div class=\"content-block\">\n<div class=\"block-content\" data-rm-block-id=\"block-38\"><\/div>\n<\/div>\n<\/div>\n<\/div>\n<p data-rm-block-id=\"block-39\">[\/vc_column_text][vc_row_inner][vc_column_inner width=&#8221;1\/2&#8243;][\/vc_column_inner][vc_column_inner width=&#8221;1\/2&#8243;][\/vc_column_inner][\/vc_row_inner][\/vc_column][\/vc_row][vc_row full_width=&#8221;stretch_row&#8221; css_animation=&#8221;fadeIn&#8221; css=&#8221;.vc_custom_1728553930956{background-image: url(https:\/\/hotel-channel-manager.com\/wp-content\/uploads\/2019\/11\/bgn-white-top-with-shapes-2.png?id=1491) !important;background-position: center !important;background-repeat: no-repeat !important;background-size: cover !important;}&#8221; el_id=&#8221;demobloc&#8221;][vc_column][vc_empty_space height=&#8221;80&#8243;][\/vc_column][vc_column css_animation=&#8221;fadeInRight&#8221; width=&#8221;1\/2&#8243;][vc_raw_html]PGlmcmFtZSB3aWR0aD0iNTYwIiBoZWlnaHQ9IjMxNSIgc3JjPSJodHRwczovL3d3dy55b3V0dWJlLmNvbS9lbWJlZC9mcnEwUW1DSXIzVT9zaT1UMWh4RWd0eWJLU2NMN1hjIiB0aXRsZT0iWW91VHViZSB2aWRlbyBwbGF5ZXIiIGZyYW1lYm9yZGVyPSIwIiBhbGxvdz0iYWNjZWxlcm9tZXRlcjsgYXV0b3BsYXk7IGNsaXBib2FyZC13cml0ZTsgZW5jcnlwdGVkLW1lZGlhOyBneXJvc2NvcGU7IHBpY3R1cmUtaW4tcGljdHVyZTsgd2ViLXNoYXJlIiByZWZlcnJlcnBvbGljeT0ic3RyaWN0LW9yaWdpbi13aGVuLWNyb3NzLW9yaWdpbiIgYWxsb3dmdWxsc2NyZWVuPjwvaWZyYW1lPg==[\/vc_raw_html][\/vc_column][vc_column width=&#8221;1\/2&#8243;][vc_raw_html]PGlmcmFtZSB3aWR0aD0iNTYwIiBoZWlnaHQ9IjMxNSIgc3JjPSJodHRwczovL3d3dy55b3V0dWJlLmNvbS9lbWJlZC9aQktMdWI2VGhOND9zaT10MWg4bTJpWjNxRFJFamx0IiB0aXRsZT0iWW91VHViZSB2aWRlbyBwbGF5ZXIiIGZyYW1lYm9yZGVyPSIwIiBhbGxvdz0iYWNjZWxlcm9tZXRlcjsgYXV0b3BsYXk7IGNsaXBib2FyZC13cml0ZTsgZW5jcnlwdGVkLW1lZGlhOyBneXJvc2NvcGU7IHBpY3R1cmUtaW4tcGljdHVyZTsgd2ViLXNoYXJlIiByZWZlcnJlcnBvbGljeT0ic3RyaWN0LW9yaWdpbi13aGVuLWNyb3NzLW9yaWdpbiIgYWxsb3dmdWxsc2NyZWVuPjwvaWZyYW1lPg==[\/vc_raw_html][\/vc_column][vc_column][vc_row_inner][vc_column_inner][vc_btn title=&#8221;Documentation en PDF&#8221; style=&#8221;flat&#8221; shape=&#8221;square&#8221; color=&#8221;sky&#8221; align=&#8221;center&#8221; i_icon_fontawesome=&#8221;fa fa-cloud-download&#8221; button_block=&#8221;true&#8221; add_icon=&#8221;true&#8221; link=&#8221;url:https%3A%2F%2Fgohotel.ma%2Fwp-content%2Fuploads%2F2024%2F10%2Fmanuel-ghotel.pdf|title:Logiciel%20de%20Gestion%20d%E2%80%99Auberge|&#8221;][\/vc_column_inner][\/vc_row_inner][vc_empty_space height=&#8221;40&#8243;][\/vc_column][\/vc_row][vc_row full_width=&#8221;stretch_row&#8221; css_animation=&#8221;fadeInUp&#8221; css=&#8221;.vc_custom_1728486840022{margin-top: 20px !important;background-color: #518ac9 !important;}&#8221;][vc_column][vc_empty_space height=&#8221;30px&#8221; el_class=&#8221;hidden-sm hidden-xs&#8221;][apus_newsletter description=&#8221;Les derni\u00e8res nouvelles envoy\u00e9es dans votre bo\u00eete de r\u00e9ception!&#8221; el_class=&#8221;newbloc&#8221;][vc_empty_space height=&#8221;30px&#8221;][vc_empty_space height=&#8221;30px&#8221; el_class=&#8221;hidden-sm hidden-xs&#8221;][\/vc_column][\/vc_row]<\/p>\n","protected":false},"excerpt":{"rendered":"<p>[vc_row full_width=&#8221;stretch_row&#8221; css=&#8221;.vc_custom_1574499301108{margin-top: 0px !important;background-color: #f2f2f2 !important;}&#8221;][vc_column width=&#8221;1\/4&#8243;][vc_empty_space height=&#8221;40&#8243;][apus_verticalmenu title=&#8221;Documentation&#8221; menu=&#8221;documentation&#8221; style=&#8221;darken&#8221;][\/vc_column][vc_column css_animation=&#8221;fadeInLeft&#8221; width=&#8221;3\/4&#8243; css=&#8221;.vc_custom_1574351643298{margin-top: 0px !important;}&#8221;][vc_column_text] Presentation GOHotel Web-Based Reservation Software Our training programs are designed to help you master all the necessary elements to meet the digitalization needs of your hotel, while adapting to your expectations and drawing from your experiences. The training &hellip; <br \/><a href=\"https:\/\/gohotel.ma\/en\/documentation\/\" class=\"more-link\">Continue reading <span class=\"screen-reader-text\">Documentation<\/span><\/a><\/p>\n","protected":false},"author":1,"featured_media":0,"parent":0,"menu_order":0,"comment_status":"closed","ping_status":"closed","template":"","meta":{"_monsterinsights_skip_tracking":false,"_monsterinsights_sitenote_active":false,"_monsterinsights_sitenote_note":"","_monsterinsights_sitenote_category":0,"_uf_show_specific_survey":0,"_uf_disable_surveys":false,"footnotes":""},"class_list":["post-1664","page","type-page","status-publish","hentry"],"_links":{"self":[{"href":"https:\/\/gohotel.ma\/en\/wp-json\/wp\/v2\/pages\/1664","targetHints":{"allow":["GET"]}}],"collection":[{"href":"https:\/\/gohotel.ma\/en\/wp-json\/wp\/v2\/pages"}],"about":[{"href":"https:\/\/gohotel.ma\/en\/wp-json\/wp\/v2\/types\/page"}],"author":[{"embeddable":true,"href":"https:\/\/gohotel.ma\/en\/wp-json\/wp\/v2\/users\/1"}],"replies":[{"embeddable":true,"href":"https:\/\/gohotel.ma\/en\/wp-json\/wp\/v2\/comments?post=1664"}],"version-history":[{"count":1,"href":"https:\/\/gohotel.ma\/en\/wp-json\/wp\/v2\/pages\/1664\/revisions"}],"predecessor-version":[{"id":3878,"href":"https:\/\/gohotel.ma\/en\/wp-json\/wp\/v2\/pages\/1664\/revisions\/3878"}],"wp:attachment":[{"href":"https:\/\/gohotel.ma\/en\/wp-json\/wp\/v2\/media?parent=1664"}],"curies":[{"name":"wp","href":"https:\/\/api.w.org\/{rel}","templated":true}]}}