{"id":1628,"date":"2019-11-05T17:40:36","date_gmt":"2019-11-05T16:40:36","guid":{"rendered":"http:\/\/hotel-channel-manager.com\/telecharger\/"},"modified":"2025-08-18T11:41:12","modified_gmt":"2025-08-18T10:41:12","slug":"telecharger","status":"publish","type":"page","link":"https:\/\/gohotel.ma\/en\/telecharger\/","title":{"rendered":"Download"},"content":{"rendered":"<p>[vc_row css_animation=&#8221;fadeInUp&#8221; disable_element=&#8221;yes&#8221;][vc_column][vc_empty_space height=&#8221;45px&#8221; el_class=&#8221;hidden-sm hidden-xs&#8221;][vc_empty_space height=&#8221;45px&#8221;][vc_column_text]<\/p>\n<div class=\"widget-bring\">\n<div class=\"left-content\">SYST\u00c8ME DE GESTION ET R\u00c9SERVATION GO-CAR<\/div>\n<div class=\"right-conetnt\">Go-Car logiciel de gestion des agences de location voitures , qui vous permet une r\u00e9servation en ligne et en temps r\u00e9el, compl\u00e8te et flexible. Il permet \u00e9galement de r\u00e9pondre au mieux aux attentes de vos clients en ligne.<\/div>\n<\/div>\n<p>[\/vc_column_text][vc_empty_space height=&#8221;45px&#8221;][vc_empty_space height=&#8221;45px&#8221; el_class=&#8221;hidden-sm hidden-xs&#8221;][\/vc_column][\/vc_row][vc_row full_width=&#8221;stretch_row&#8221; css=&#8221;.vc_custom_1574499301108{margin-top: 0px !important;background-color: #f2f2f2 !important;}&#8221;][vc_column][vc_empty_space height=&#8221;40&#8243;][\/vc_column][vc_column css_animation=&#8221;fadeInLeft&#8221; width=&#8221;1\/2&#8243; css=&#8221;.vc_custom_1574351643298{margin-top: 0px !important;}&#8221;][vc_custom_heading text=&#8221;VERSION D&#8217;ESSAI DE GO-CARS&#8221; font_container=&#8221;tag:h3|font_size:25|text_align:left&#8221; google_fonts=&#8221;font_family:Muli%3A300%2C300italic%2Cregular%2Citalic|font_style:400%20regular%3A400%3Anormal&#8221; css=&#8221;.vc_custom_1574440017087{margin-top: 0px !important;}&#8221;][vc_column_text]You can download and install the software for free on your website. The trial period has been tested and tested all the features of GO-Car.[\/vc_column_text][vc_row_inner][vc_column_inner width=&#8221;1\/2&#8243;][vc_btn title=&#8221;Download&#8221; style=&#8221;flat&#8221; shape=&#8221;square&#8221; color=&#8221;success&#8221; align=&#8221;center&#8221; i_icon_fontawesome=&#8221;fa fa-cloud-download&#8221; button_block=&#8221;true&#8221; add_icon=&#8221;true&#8221; link=&#8221;url:http%3A%2F%2Fhotel-channel-manager.com%2Fgocar.zip|||&#8221;][\/vc_column_inner][vc_column_inner width=&#8221;1\/2&#8243;][vc_btn title=&#8221;Buy&#8221; style=&#8221;flat&#8221; shape=&#8221;square&#8221; color=&#8221;success&#8221; align=&#8221;center&#8221; i_icon_fontawesome=&#8221;fa fa-shopping-cart&#8221; button_block=&#8221;true&#8221; add_icon=&#8221;true&#8221; link=&#8221;url:https%3A%2F%2Fhotel-channel-manager.com%2Fproduit%2Fgo-car-solution%2F%3Flang%3Den|||&#8221;][\/vc_column_inner][\/vc_row_inner][\/vc_column][vc_column css_animation=&#8221;fadeInRight&#8221; width=&#8221;1\/2&#8243;][vc_single_image image=&#8221;1546&#8243; img_size=&#8221;large&#8221;][\/vc_column][vc_column][vc_empty_space height=&#8221;40&#8243;][\/vc_column][\/vc_row][vc_row full_width=&#8221;stretch_row&#8221; css_animation=&#8221;rotateIn&#8221; css=&#8221;.vc_custom_1574436668813{background-image: url(http:\/\/hotel-channel-manager.com\/wp-content\/uploads\/2019\/11\/bgn-white-top-with-shapes-2.png?id=1491) !important;background-position: center !important;background-repeat: no-repeat !important;background-size: cover !important;}&#8221; el_id=&#8221;demobloc&#8221;][vc_column][vc_empty_space height=&#8221;80&#8243;][\/vc_column][vc_column css_animation=&#8221;fadeInRight&#8221; width=&#8221;1\/2&#8243;][rev_slider alias=&#8221;slider-1&#8243;][\/vc_column][vc_column width=&#8221;1\/2&#8243;][vc_custom_heading text=&#8221;D\u00c9MO EN LIGNE&#8221; font_container=&#8221;tag:h3|font_size:25|text_align:left&#8221; google_fonts=&#8221;font_family:Muli%3A300%2C300italic%2Cregular%2Citalic|font_style:400%20regular%3A400%3Anormal&#8221; css=&#8221;.vc_custom_1574430842951{margin-top: 0px !important;}&#8221;][vc_column_text]<\/p>\n<h4 class=\"ui-title-block ui-title-block_light\"><i class=\"fa fa-user-o\" aria-hidden=\"true\"><\/i> Backend<\/h4>\n<div class=\"ui-decor-1 bg-primary\"><\/div>\n<ul>\n<li>Lien: <a href=\"https:\/\/demo.hotel-channel-manager.com\/admin\" target=\"_blank\" rel=\"noopener noreferrer\">demo.hotel-channel-manager.com\/admin<\/a><\/li>\n<li>Email: admin@hotel-channel-manager.com<\/li>\n<li>Password: admin<\/li>\n<\/ul>\n<h4 class=\"ui-title-block ui-title-block_light\"><i class=\"fa fa-user-o\" aria-hidden=\"true\"><\/i> Frontend<\/h4>\n<div class=\"ui-decor-1 bg-primary\"><\/div>\n<ul>\n<li>Lien: <a href=\"http:\/\/demo.hotel-channel-manager.com\/login\" target=\"_blank\" rel=\"noopener\">demo.hotel-channel-manager.com\/login<\/a><\/li>\n<li>Email: login@hotel-channel-manager.com<\/li>\n<li>Password: login<\/li>\n<\/ul>\n<p>[\/vc_column_text][vc_row_inner][vc_column_inner width=&#8221;1\/3&#8243;][vc_btn title=&#8221;Download&#8221; style=&#8221;flat&#8221; shape=&#8221;square&#8221; color=&#8221;success&#8221; align=&#8221;center&#8221; i_icon_fontawesome=&#8221;fa fa-cloud-download&#8221; button_block=&#8221;true&#8221; add_icon=&#8221;true&#8221; link=&#8221;url:http%3A%2F%2Fhotel-channel-manager.com%2Fgocar.zip|||&#8221;][\/vc_column_inner][vc_column_inner width=&#8221;1\/3&#8243;][vc_btn title=&#8221;Demo&#8221; style=&#8221;flat&#8221; shape=&#8221;square&#8221; color=&#8221;success&#8221; align=&#8221;center&#8221; i_icon_fontawesome=&#8221;fa fa-desktop&#8221; button_block=&#8221;true&#8221; add_icon=&#8221;true&#8221; link=&#8221;url:https%3A%2F%2Fdemo.hotel-channel-manager.com%2F|||&#8221;][\/vc_column_inner][vc_column_inner width=&#8221;1\/3&#8243;][vc_btn title=&#8221;Buy&#8221; style=&#8221;flat&#8221; shape=&#8221;square&#8221; color=&#8221;success&#8221; align=&#8221;center&#8221; i_icon_fontawesome=&#8221;fa fa-shopping-cart&#8221; button_block=&#8221;true&#8221; add_icon=&#8221;true&#8221; link=&#8221;url:https%3A%2F%2Fhotel-channel-manager.com%2Fproduit%2Fgo-car-solution%2F%3Flang%3Den||target:%20_blank|&#8221;][\/vc_column_inner][\/vc_row_inner][\/vc_column][vc_column][vc_empty_space height=&#8221;40&#8243;][\/vc_column][\/vc_row][vc_row full_width=&#8221;stretch_row&#8221; css=&#8221;.vc_custom_1574767109203{background-image: url(https:\/\/hotel-channel-manager.com\/wp-content\/uploads\/2019\/11\/bgn-join.png?id=1770) !important;background-position: center !important;background-repeat: no-repeat !important;background-size: cover !important;}&#8221;][vc_column width=&#8221;1\/4&#8243;][vc_icon icon_fontawesome=&#8221;fa fa-search&#8221; color=&#8221;white&#8221; background_style=&#8221;rounded-outline&#8221; background_color=&#8221;white&#8221; size=&#8221;lg&#8221; align=&#8221;right&#8221;][vc_custom_heading text=&#8221;QUICK SEARCH&#8221; font_container=&#8221;tag:h3|font_size:25|text_align:right|color:%23ffffff&#8221; google_fonts=&#8221;font_family:Muli%3A300%2C300italic%2Cregular%2Citalic|font_style:400%20regular%3A400%3Anormal&#8221;][vc_column_text]<\/p>\n<p style=\"color: #ffffff; text-align: right;\">Advanced and fast search by city, date of pick-up and return.<\/p>\n<p>[\/vc_column_text][vc_icon icon_fontawesome=&#8221;fa fa-bell-o&#8221; color=&#8221;white&#8221; background_style=&#8221;rounded-outline&#8221; background_color=&#8221;white&#8221; size=&#8221;lg&#8221; align=&#8221;right&#8221;][vc_custom_heading text=&#8221;ALERTES AND NOTIFICATIONS&#8221; font_container=&#8221;tag:h3|font_size:25|text_align:right|color:%23ffffff&#8221; google_fonts=&#8221;font_family:Muli%3A300%2C300italic%2Cregular%2Citalic|font_style:400%20regular%3A400%3Anormal&#8221;][vc_column_text]<\/p>\n<p style=\"color: #ffffff; text-align: right;\">Receive alerts and automatic notifications with every booking or invoice due.<\/p>\n<p>[\/vc_column_text][\/vc_column][vc_column width=&#8221;1\/2&#8243;][vc_single_image image=&#8221;1671&#8243; img_size=&#8221;large&#8221; alignment=&#8221;center&#8221; css_animation=&#8221;bounceInUp&#8221; css=&#8221;.vc_custom_1574760150040{margin-top: 100px !important;}&#8221;][\/vc_column][vc_column width=&#8221;1\/4&#8243;][vc_icon icon_fontawesome=&#8221;fa fa-money&#8221; color=&#8221;white&#8221; background_style=&#8221;rounded-outline&#8221; background_color=&#8221;white&#8221; size=&#8221;lg&#8221;][vc_custom_heading text=&#8221;COLLECT PAYMENTS&#8221; font_container=&#8221;tag:h3|font_size:25|text_align:left|color:%23ffffff&#8221; google_fonts=&#8221;font_family:Muli%3A300%2C300italic%2Cregular%2Citalic|font_style:400%20regular%3A400%3Anormal&#8221;][vc_column_text]<\/p>\n<p style=\"text-align: left; color: #fff;\">Different payment options &#8211; credit card, transfers, cash, PayPal, etc &#8230;<\/p>\n<p>[\/vc_column_text][vc_icon icon_fontawesome=&#8221;fa fa-life-ring&#8221; color=&#8221;white&#8221; background_style=&#8221;rounded-outline&#8221; background_color=&#8221;white&#8221; size=&#8221;lg&#8221;][vc_custom_heading text=&#8221;SUPPORT&#8221; font_container=&#8221;tag:h3|font_size:25|text_align:left|color:%23ffffff&#8221; google_fonts=&#8221;font_family:Muli%3A300%2C300italic%2Cregular%2Citalic|font_style:400%20regular%3A400%3Anormal&#8221;][vc_column_text]<\/p>\n<p style=\"text-align: left; color: #fff;\">Support and monitoring available 24\/7<\/p>\n<p>[\/vc_column_text][\/vc_column][\/vc_row][vc_row][vc_column][vc_column_text]<\/p>\n<h2 class=\"ui-title-block-2\" style=\"text-align: center;\">PRICING PLAN<\/h2>\n<p style=\"text-align: center;\">HAVE YOU TRIED THE TEST VERSION OF GO-CAR&#8217;S RESERVATION SOFTWARE AND LIKE THE FEATURES IT PROVIDES? BUY NOW AND BENEFIT FROM THE BEST PRICE ON THE MARKET!<\/p>\n<p>[\/vc_column_text][\/vc_column][\/vc_row][vc_row][vc_column width=&#8221;1\/3&#8243; css=&#8221;.vc_custom_1574768949550{margin-top: 10px !important;margin-right: 10px !important;margin-bottom: 10px !important;margin-left: 10px !important;padding-top: 15px !important;padding-right: 15px !important;padding-bottom: 15px !important;padding-left: 15px !important;background-color: #f4f4f4 !important;}&#8221;][vc_icon icon_fontawesome=&#8221;fa fa-globe&#8221; color=&#8221;black&#8221; align=&#8221;center&#8221;][vc_custom_heading text=&#8221;FREE DOMAIN NAME&#8221; font_container=&#8221;tag:h4|font_size:17|text_align:center&#8221; google_fonts=&#8221;font_family:Muli%3A300%2C300italic%2Cregular%2Citalic|font_style:400%20regular%3A400%3Anormal&#8221;][vc_icon icon_fontawesome=&#8221;fa fa-graduation-cap&#8221; color=&#8221;black&#8221; align=&#8221;center&#8221;][vc_custom_heading text=&#8221;1H TRAINING INCLUDED&#8221; font_container=&#8221;tag:h4|font_size:17|text_align:center&#8221; google_fonts=&#8221;font_family:Muli%3A300%2C300italic%2Cregular%2Citalic|font_style:400%20regular%3A400%3Anormal&#8221;][vc_icon icon_fontawesome=&#8221;fa fa-life-ring&#8221; color=&#8221;black&#8221; align=&#8221;center&#8221;][vc_custom_heading text=&#8221;TECHNICAL SUPPORT INCLUDED&#8221; font_container=&#8221;tag:h4|font_size:17|text_align:center&#8221; google_fonts=&#8221;font_family:Muli%3A300%2C300italic%2Cregular%2Citalic|font_style:400%20regular%3A400%3Anormal&#8221; css=&#8221;.vc_custom_1574777170414{padding-bottom: 10px !important;}&#8221;][\/vc_column][vc_column width=&#8221;1\/3&#8243; css=&#8221;.vc_custom_1574768730405{margin-top: 10px !important;margin-right: 10px !important;margin-bottom: 10px !important;margin-left: 10px !important;padding-top: 15px !important;padding-right: 15px !important;padding-bottom: 15px !important;padding-left: 15px !important;background-color: #474747 !important;}&#8221;][vc_custom_heading text=&#8221;SPECIAL OFFER&#8221; font_container=&#8221;tag:h4|font_size:25|text_align:center|color:%23ffffff&#8221; google_fonts=&#8221;font_family:Muli%3A300%2C300italic%2Cregular%2Citalic|font_style:400%20regular%3A400%3Anormal&#8221;][vc_custom_heading text=&#8221;$239&#8243; font_container=&#8221;tag:h2|font_size:85|text_align:center|color:%23ffffff&#8221; google_fonts=&#8221;font_family:Muli%3A300%2C300italic%2Cregular%2Citalic|font_style:400%20regular%3A400%3Anormal&#8221;][vc_column_text]<\/p>\n<p style=\"text-align: center; color: #fff;\">Achetez maintenant et profitez d\u2019un forfait complet pour le site Web de votre agence de location de voiture au prix le plus bas du web!<\/p>\n<p>[\/vc_column_text][vc_btn title=&#8221;Buy now&#8221; style=&#8221;custom&#8221; custom_background=&#8221;#90d542&#8243; custom_text=&#8221;#ffffff&#8221; shape=&#8221;square&#8221; align=&#8221;center&#8221; i_icon_fontawesome=&#8221;fa fa-shopping-cart&#8221; add_icon=&#8221;true&#8221; link=&#8221;url:https%3A%2F%2Fhotel-channel-manager.com%2Fproduit%2Fgo-car-solution%2F%3Flang%3Den|||&#8221;][\/vc_column][vc_column width=&#8221;1\/3&#8243; css=&#8221;.vc_custom_1574769008947{margin-top: 10px !important;margin-right: 10px !important;margin-bottom: 10px !important;margin-left: 10px !important;padding-top: 15px !important;padding-right: 15px !important;padding-bottom: 15px !important;padding-left: 15px !important;background-color: #f4f4f4 !important;}&#8221;][vc_icon icon_fontawesome=&#8221;fa fa-tasks&#8221; color=&#8221;black&#8221; align=&#8221;center&#8221;][vc_custom_heading text=&#8221;FREE WEB HOSTING&#8221; font_container=&#8221;tag:h4|font_size:17|text_align:center&#8221; google_fonts=&#8221;font_family:Muli%3A300%2C300italic%2Cregular%2Citalic|font_style:400%20regular%3A400%3Anormal&#8221;][vc_icon icon_fontawesome=&#8221;fa fa-download&#8221; color=&#8221;black&#8221; align=&#8221;center&#8221;][vc_custom_heading text=&#8221;FREE INSTALLATION&#8221; font_container=&#8221;tag:h4|font_size:17|text_align:center&#8221; google_fonts=&#8221;font_family:Muli%3A300%2C300italic%2Cregular%2Citalic|font_style:400%20regular%3A400%3Anormal&#8221;][vc_icon icon_fontawesome=&#8221;fa fa-repeat&#8221; color=&#8221;black&#8221; align=&#8221;center&#8221;][vc_custom_heading text=&#8221;REGULAR SOFTWARE UPDATES&#8221; font_container=&#8221;tag:h4|font_size:17|text_align:center&#8221; google_fonts=&#8221;font_family:Muli%3A300%2C300italic%2Cregular%2Citalic|font_style:400%20regular%3A400%3Anormal&#8221; css=&#8221;.vc_custom_1574777390002{padding-bottom: 10px !important;}&#8221;][\/vc_column][\/vc_row][vc_row][vc_column][vc_empty_space][\/vc_column][\/vc_row][vc_row full_width=&#8221;stretch_row&#8221; css_animation=&#8221;fadeInUp&#8221; css=&#8221;.vc_custom_1574433383497{margin-top: 20px !important;background-color: #69a53b !important;}&#8221;][vc_column][vc_empty_space height=&#8221;30px&#8221; el_class=&#8221;hidden-sm hidden-xs&#8221;][apus_newsletter description=&#8221;Les derni\u00e8res nouvelles envoy\u00e9es dans votre bo\u00eete de r\u00e9ception!&#8221; el_class=&#8221;newbloc&#8221;][vc_empty_space height=&#8221;30px&#8221;][vc_empty_space height=&#8221;30px&#8221; el_class=&#8221;hidden-sm hidden-xs&#8221;][\/vc_column][\/vc_row]<\/p>\n","protected":false},"excerpt":{"rendered":"<p>[vc_row css_animation=&#8221;fadeInUp&#8221; disable_element=&#8221;yes&#8221;][vc_column][vc_empty_space height=&#8221;45px&#8221; el_class=&#8221;hidden-sm hidden-xs&#8221;][vc_empty_space height=&#8221;45px&#8221;][vc_column_text] SYST\u00c8ME DE GESTION ET R\u00c9SERVATION GO-CAR Go-Car logiciel de gestion des agences de location voitures , qui vous permet une r\u00e9servation en ligne et en temps r\u00e9el, compl\u00e8te et flexible. Il permet \u00e9galement de r\u00e9pondre au mieux aux attentes de vos clients en ligne. [\/vc_column_text][vc_empty_space height=&#8221;45px&#8221;][vc_empty_space height=&#8221;45px&#8221; el_class=&#8221;hidden-sm &hellip; <br \/><a href=\"https:\/\/gohotel.ma\/en\/telecharger\/\" class=\"more-link\">Continue reading <span class=\"screen-reader-text\">Download<\/span><\/a><\/p>\n","protected":false},"author":1,"featured_media":0,"parent":0,"menu_order":0,"comment_status":"closed","ping_status":"closed","template":"","meta":{"_monsterinsights_skip_tracking":false,"_monsterinsights_sitenote_active":false,"_monsterinsights_sitenote_note":"","_monsterinsights_sitenote_category":0,"_uf_show_specific_survey":0,"_uf_disable_surveys":false,"footnotes":""},"class_list":["post-1628","page","type-page","status-publish","hentry"],"_links":{"self":[{"href":"https:\/\/gohotel.ma\/en\/wp-json\/wp\/v2\/pages\/1628","targetHints":{"allow":["GET"]}}],"collection":[{"href":"https:\/\/gohotel.ma\/en\/wp-json\/wp\/v2\/pages"}],"about":[{"href":"https:\/\/gohotel.ma\/en\/wp-json\/wp\/v2\/types\/page"}],"author":[{"embeddable":true,"href":"https:\/\/gohotel.ma\/en\/wp-json\/wp\/v2\/users\/1"}],"replies":[{"embeddable":true,"href":"https:\/\/gohotel.ma\/en\/wp-json\/wp\/v2\/comments?post=1628"}],"version-history":[{"count":2,"href":"https:\/\/gohotel.ma\/en\/wp-json\/wp\/v2\/pages\/1628\/revisions"}],"predecessor-version":[{"id":3880,"href":"https:\/\/gohotel.ma\/en\/wp-json\/wp\/v2\/pages\/1628\/revisions\/3880"}],"wp:attachment":[{"href":"https:\/\/gohotel.ma\/en\/wp-json\/wp\/v2\/media?parent=1628"}],"curies":[{"name":"wp","href":"https:\/\/api.w.org\/{rel}","templated":true}]}}