{"id":1574,"date":"2017-04-18T01:58:09","date_gmt":"2017-04-18T00:58:09","guid":{"rendered":"http:\/\/hotel-channel-manager.com\/home-2\/"},"modified":"2025-08-15T12:08:41","modified_gmt":"2025-08-15T11:08:41","slug":"channel-manager-pms-hotel-hotel-reservation-system","status":"publish","type":"page","link":"https:\/\/gohotel.ma\/en\/channel-manager-pms-hotel-hotel-reservation-system\/","title":{"rendered":"Home2"},"content":{"rendered":"<p data-rm-block-id=\"block-1\">[vc_row full_width=&#8221;stretch_row_content_no_spaces&#8221; equal_height=&#8221;yes&#8221; content_placement=&#8221;top&#8221;][vc_column][vc_single_image image=&#8221;3309&#8243; img_size=&#8221;full&#8221; alignment=&#8221;center&#8221; onclick=&#8221;custom_link&#8221; link=&#8221;https:\/\/heberdomaine.com\/cart\/gohotel-booking-website\/&#8221; el_id=&#8221;banner_home_en&#8221;][\/vc_column][\/vc_row][vc_row full_width=&#8221;stretch_row&#8221; css=&#8221;.vc_custom_1720692333721{background-color: #fffcfc !important;}&#8221; el_id=&#8221;smit_section&#8221;][vc_column][vc_empty_space height=&#8221;40px&#8221; el_class=&#8221;hidden-sm hidden-xs&#8221;][\/vc_column][vc_column css_animation=&#8221;top-to-bottom&#8221; width=&#8221;1\/2&#8243; el_id=&#8221;smit_img&#8221;][vc_single_image image=&#8221;3267&#8243; img_size=&#8221;full&#8221; style=&#8221;vc_box_rounded&#8221; el_id=&#8221;smit_img&#8221;][\/vc_column][vc_column css_animation=&#8221;top-to-bottom&#8221; width=&#8221;1\/2&#8243; css=&#8221;.vc_custom_1720692107257{margin-top: 0px !important;}&#8221; el_id=&#8221;smit_text&#8221;][vc_custom_heading text=&#8221;Moroccan Society of Tourist Engineering&#8221; font_container=&#8221;tag:h2|font_size:29|text_align:left|color:%231d56a0&#8243; google_fonts=&#8221;font_family:Open%20Sans%3A300%2C300italic%2Cregular%2Citalic%2C600%2C600italic%2C700%2C700italic%2C800%2C800italic|font_style:600%20bold%20regular%3A600%3Anormal&#8221; css=&#8221;.vc_custom_1720625777052{margin-top: 0px !important;}&#8221;][vc_column_text el_class=&#8221;gohotsyst&#8221;]<strong>Afoulki international SARL<\/strong> is an approved partner of <strong>SMIT<\/strong> under number <strong>RES 30821<\/strong>. This partnership includes the implementation of a <strong>Hotel Reservation System<\/strong>.<\/p>\n<p data-rm-block-id=\"block-2\">The Moroccan Society of Tourism Engineering \u2013 <strong>SMIT<\/strong> is a public institution created in December 2007 with the aim of implementing the development strategy of the <strong>tourism<\/strong> product in <strong> strong&gt;Morocco<\/strong>.<br \/>\nIn an increasingly competitive <strong>international<\/strong> context between tourist destinations where differentiation is increasingly harsh, attractiveness has become one of the major development challenges.<\/p>\n<p data-rm-block-id=\"block-3\">Our <strong>Hotel Reservation System<\/strong> is designed to streamline the booking process for both customers and hotel managers, enhancing the overall experience.<\/p>\n<p data-rm-block-id=\"block-4\">The <strong>SMIT<\/strong> places attractiveness at the heart of its concerns with the ambition of best exploiting the assets of each tourist territory to make it a true competitiveness cluster.[\/vc_column_text][vc_btn title=&#8221;See details&#8221; color=&#8221;primary&#8221; align=&#8221;center&#8221; button_block=&#8221;true&#8221; link=&#8221;url:https%3A%2F%2Fgohotel.ma%2Fsmit%2F|title:SMIT|&#8221; css=&#8221;.vc_custom_1720625870496{background-color: #5c8bc2 !important;}&#8221;][\/vc_column][\/vc_row][vc_row full_width=&#8221;stretch_row&#8221;][vc_column][vc_empty_space height=&#8221;40px&#8221; el_class=&#8221;hidden-sm hidden-xs&#8221;][\/vc_column][vc_column css_animation=&#8221;top-to-bottom&#8221; width=&#8221;1\/2&#8243; css=&#8221;.vc_custom_1575042337735{margin-top: 0px !important;}&#8221;][vc_custom_heading text=&#8221;GOHotel Booking Smart BOOKING SYSTEM&#8221; font_container=&#8221;tag:h2|font_size:29|text_align:left|color:%231d56a0&#8243; google_fonts=&#8221;font_family:Open%20Sans%3A300%2C300italic%2Cregular%2Citalic%2C600%2C600italic%2C700%2C700italic%2C800%2C800italic|font_style:600%20bold%20regular%3A600%3Anormal&#8221; css=&#8221;.vc_custom_1720625798407{margin-top: 0px !important;}&#8221;][vc_column_text el_class=&#8221;gohotsyst&#8221;]<\/p>\n<h3 style=\"font-size: 20px;\" data-rm-block-id=\"block-5\">Channel manager, Website for hotel with Booking engine and PMS?<\/h3>\n<h3 style=\"font-size: 20px;\" data-rm-block-id=\"block-6\">Syst\u00e8me de R\u00e9servation d&#8217;H\u00f4tel : Optimisez la Gestion de Votre \u00c9tablissement<\/h3>\n<p data-rm-block-id=\"block-7\">One of the main advantages of having Gohotel.ma for your hotel is to centralize your activity in one place, one password, one interface&#8230;.<\/p>\n<p data-rm-block-id=\"block-8\">Simple and easy to use, <strong>Gohotel<\/strong> Booking Software includes an intuitive online reservation engine as well as a Channel manager for managing distribution channels. <strong>Gohotel<\/strong>.ma allows you to establish a simple connection with OTAs Booking.com Expedia.com Airbnb.com &#8230;<\/p>\n<p data-rm-block-id=\"block-9\">Discover everything that a new generation PMS system can offer you.<\/p>\n<p data-rm-block-id=\"block-10\">Go-Hotel saves you time and allows you to automate electronic declaration on www.STDN.ma Portal for electronic declaration of hotel nights.<\/p>\n<p data-rm-block-id=\"block-11\">Connect your PMS, <strong>Gohotel<\/strong> website with our ID card and passport scanner.[\/vc_column_text][\/vc_column][vc_column css_animation=&#8221;top-to-bottom&#8221; width=&#8221;1\/2&#8243;][vc_single_image image=&#8221;3303&#8243; img_size=&#8221;full&#8221; style=&#8221;vc_box_rounded&#8221;][\/vc_column][\/vc_row][vc_row full_width=&#8221;stretch_row&#8221;][vc_column][vc_empty_space height=&#8221;40px&#8221;][vc_row_inner el_id=&#8221;gosihaya_section&#8221;][vc_column_inner width=&#8221;1\/2&#8243; el_id=&#8221;gosiyaha_img&#8221;][vc_single_image image=&#8221;3250&#8243; img_size=&#8221;full&#8221; alignment=&#8221;center&#8221; style=&#8221;vc_box_rounded&#8221; css=&#8221;.vc_custom_1720627486841{padding-top: 30px !important;}&#8221;][\/vc_column_inner][vc_column_inner width=&#8221;1\/2&#8243; css=&#8221;.vc_custom_1720692765865{margin-top: 0px !important;}&#8221; el_id=&#8221;gosihaya_text&#8221;][vc_custom_heading text=&#8221;Welcome to GoSiyaha&#8221; font_container=&#8221;tag:h2|text_align:left|color:%231d56a0&#8243; google_fonts=&#8221;font_family:Open%20Sans%3A300%2C300italic%2Cregular%2Citalic%2C600%2C600italic%2C700%2C700italic%2C800%2C800italic|font_style:600%20bold%20regular%3A600%3Anormal&#8221;][vc_column_text el_class=&#8221;gohotsyst&#8221;]<\/p>\n<div style=\"font-text: 15px;\">\n<h3 style=\"font-size: 20px;\" data-rm-block-id=\"block-12\">Explore GoSiyaha: The Innovative Program for Moroccan Tourism<\/h3>\n<p data-rm-block-id=\"block-13\">GoSiyaha is an innovative program launched by the Ministry of Tourism, Crafts and the Social and Solidarity Economy in partnership with the Maroc PME Agency. Our objective is to support Moroccan tourism businesses in their transition towards sustainable and innovative practices, while offering quality tourism products and services. Through GoSiyaha, businesses benefit from financial and technical support to develop their activity in the accommodation, catering, travel and tourist transport sectors. We encourage digital transformation in the tourism sector in order to offer unique and attractive experiences to national and international tourists.<\/p>\n<p data-rm-block-id=\"block-14\">Join us in this exciting adventure to contribute to the development and competitiveness of the tourism industry in Morocco.<\/p>\n<\/div>\n<p data-rm-block-id=\"block-15\">[\/vc_column_text][vc_btn title=&#8221;See more&#8221; color=&#8221;info&#8221; align=&#8221;center&#8221; button_block=&#8221;true&#8221; link=&#8221;url:https%3A%2F%2Fgohotel.ma%2Fgosiyaha%2F|title:GoSiyaha|&#8221;][vc_btn title=&#8221;Download the brochure&#8221; color=&#8221;primary&#8221; align=&#8221;center&#8221; button_block=&#8221;true&#8221; link=&#8221;url:https%3A%2F%2Fgohotel.ma%2Fwp-content%2Fuploads%2F2024%2F05%2FGoSiyaha.pdf|title:GoSiyaha.pdf|target:%20_blank|&#8221;][\/vc_column_inner][\/vc_row_inner][vc_empty_space height=&#8221;150px&#8221;][\/vc_column][\/vc_row]<\/p>\n","protected":false},"excerpt":{"rendered":"<p>[vc_row full_width=&#8221;stretch_row_content_no_spaces&#8221; equal_height=&#8221;yes&#8221; content_placement=&#8221;top&#8221;][vc_column][vc_single_image image=&#8221;3309&#8243; img_size=&#8221;full&#8221; alignment=&#8221;center&#8221; onclick=&#8221;custom_link&#8221; link=&#8221;https:\/\/heberdomaine.com\/cart\/gohotel-booking-website\/&#8221; el_id=&#8221;banner_home_en&#8221;][\/vc_column][\/vc_row][vc_row full_width=&#8221;stretch_row&#8221; css=&#8221;.vc_custom_1720692333721{background-color: #fffcfc !important;}&#8221; el_id=&#8221;smit_section&#8221;][vc_column][vc_empty_space height=&#8221;40px&#8221; el_class=&#8221;hidden-sm hidden-xs&#8221;][\/vc_column][vc_column css_animation=&#8221;top-to-bottom&#8221; width=&#8221;1\/2&#8243; el_id=&#8221;smit_img&#8221;][vc_single_image image=&#8221;3267&#8243; img_size=&#8221;full&#8221; style=&#8221;vc_box_rounded&#8221; el_id=&#8221;smit_img&#8221;][\/vc_column][vc_column css_animation=&#8221;top-to-bottom&#8221; width=&#8221;1\/2&#8243; css=&#8221;.vc_custom_1720692107257{margin-top: 0px !important;}&#8221; el_id=&#8221;smit_text&#8221;][vc_custom_heading text=&#8221;Moroccan Society of Tourist Engineering&#8221; font_container=&#8221;tag:h2|font_size:29|text_align:left|color:%231d56a0&#8243; google_fonts=&#8221;font_family:Open%20Sans%3A300%2C300italic%2Cregular%2Citalic%2C600%2C600italic%2C700%2C700italic%2C800%2C800italic|font_style:600%20bold%20regular%3A600%3Anormal&#8221; css=&#8221;.vc_custom_1720625777052{margin-top: 0px !important;}&#8221;][vc_column_text el_class=&#8221;gohotsyst&#8221;]Afoulki international SARL is an approved partner of SMIT under number RES 30821. This &hellip; <br \/><a href=\"https:\/\/gohotel.ma\/en\/channel-manager-pms-hotel-hotel-reservation-system\/\" class=\"more-link\">Continue reading <span class=\"screen-reader-text\">Home2<\/span><\/a><\/p>\n","protected":false},"author":1,"featured_media":0,"parent":0,"menu_order":0,"comment_status":"closed","ping_status":"closed","template":"","meta":{"_monsterinsights_skip_tracking":false,"_monsterinsights_sitenote_active":false,"_monsterinsights_sitenote_note":"","_monsterinsights_sitenote_category":0,"_uf_show_specific_survey":0,"_uf_disable_surveys":false,"footnotes":""},"class_list":["post-1574","page","type-page","status-publish","hentry"],"_links":{"self":[{"href":"https:\/\/gohotel.ma\/en\/wp-json\/wp\/v2\/pages\/1574","targetHints":{"allow":["GET"]}}],"collection":[{"href":"https:\/\/gohotel.ma\/en\/wp-json\/wp\/v2\/pages"}],"about":[{"href":"https:\/\/gohotel.ma\/en\/wp-json\/wp\/v2\/types\/page"}],"author":[{"embeddable":true,"href":"https:\/\/gohotel.ma\/en\/wp-json\/wp\/v2\/users\/1"}],"replies":[{"embeddable":true,"href":"https:\/\/gohotel.ma\/en\/wp-json\/wp\/v2\/comments?post=1574"}],"version-history":[{"count":2,"href":"https:\/\/gohotel.ma\/en\/wp-json\/wp\/v2\/pages\/1574\/revisions"}],"predecessor-version":[{"id":3864,"href":"https:\/\/gohotel.ma\/en\/wp-json\/wp\/v2\/pages\/1574\/revisions\/3864"}],"wp:attachment":[{"href":"https:\/\/gohotel.ma\/en\/wp-json\/wp\/v2\/media?parent=1574"}],"curies":[{"name":"wp","href":"https:\/\/api.w.org\/{rel}","templated":true}]}}